{"id":7004,"date":"2023-03-14T09:08:52","date_gmt":"2023-03-14T08:08:52","guid":{"rendered":"https:\/\/inci.neuro.unistra.fr\/?page_id=7004"},"modified":"2024-04-22T07:57:55","modified_gmt":"2024-04-22T05:57:55","slug":"sylvain-hugel","status":"publish","type":"page","link":"https:\/\/inci.neuro.unistra.fr\/?page_id=7004","title":{"rendered":"Sylvain HUGEL"},"content":{"rendered":"\t\t<div data-elementor-type=\"wp-page\" data-elementor-id=\"7004\" class=\"elementor elementor-7004\">\n\t\t\t\t\t\t<div class=\"elementor-section elementor-top-section elementor-element elementor-element-a39e1b0 elementor-section-full_width elementor-section-height-min-height elementor-section-content-top elementor-section-height-default elementor-section-items-middle\" data-id=\"a39e1b0\" data-element_type=\"section\" data-e-type=\"section\" data-settings=\"{&quot;background_background&quot;:&quot;slideshow&quot;,&quot;background_slideshow_gallery&quot;:[{&quot;id&quot;:7069,&quot;url&quot;:&quot;https:\\\/\\\/inci.neuro.unistra.fr\\\/wp-content\\\/uploads\\\/2023\\\/03\\\/sylvain-hugel-2000x300-1.jpg&quot;}],&quot;background_slideshow_slide_duration&quot;:9999,&quot;background_slideshow_transition_duration&quot;:3000,&quot;background_slideshow_ken_burns&quot;:&quot;yes&quot;,&quot;background_slideshow_slide_transition&quot;:&quot;fade&quot;,&quot;background_slideshow_ken_burns_zoom_direction&quot;:&quot;in&quot;}\">\n\t\t\t\t\t\t\t<div class=\"elementor-background-overlay\"><\/div>\n\t\t\t\t\t\t\t<div class=\"elementor-container elementor-column-gap-no\">\n\t\t\t\t\t<div class=\"elementor-column elementor-col-100 elementor-top-column elementor-element elementor-element-c8347b1\" data-id=\"c8347b1\" data-element_type=\"column\" data-e-type=\"column\">\n\t\t\t<div class=\"elementor-widget-wrap elementor-element-populated\">\n\t\t\t\t\t\t<div class=\"elementor-element elementor-element-a1c850d e-transform elementor-widget elementor-widget-text-editor\" data-id=\"a1c850d\" data-element_type=\"widget\" data-e-type=\"widget\" data-settings=\"{&quot;_transform_rotateZ_effect&quot;:{&quot;unit&quot;:&quot;px&quot;,&quot;size&quot;:0,&quot;sizes&quot;:[]},&quot;_transform_rotateZ_effect_tablet&quot;:{&quot;unit&quot;:&quot;deg&quot;,&quot;size&quot;:&quot;&quot;,&quot;sizes&quot;:[]},&quot;_transform_rotateZ_effect_mobile&quot;:{&quot;unit&quot;:&quot;deg&quot;,&quot;size&quot;:&quot;&quot;,&quot;sizes&quot;:[]}}\" data-widget_type=\"text-editor.default\">\n\t\t\t\t<div class=\"elementor-widget-container\">\n\t\t\t\t\t\t\t\t\t<p>Sylvain HUGEL<\/p>\t\t\t\t\t\t\t\t<\/div>\n\t\t\t\t<\/div>\n\t\t\t\t\t<\/div>\n\t\t<\/div>\n\t\t\t\t\t<\/div>\n\t\t<\/div>\n\t\t\t\t<section class=\"elementor-section elementor-top-section elementor-element elementor-element-6d397df elementor-section-height-min-height elementor-section-content-top elementor-hidden-mobile elementor-section-boxed elementor-section-height-default elementor-section-items-middle\" data-id=\"6d397df\" data-element_type=\"section\" data-e-type=\"section\">\n\t\t\t\t\t\t<div class=\"elementor-container elementor-column-gap-narrow\">\n\t\t\t\t\t<div class=\"elementor-column elementor-col-100 elementor-top-column elementor-element elementor-element-14bdb4b\" data-id=\"14bdb4b\" data-element_type=\"column\" data-e-type=\"column\">\n\t\t\t<div class=\"elementor-widget-wrap elementor-element-populated\">\n\t\t\t\t\t\t<div class=\"elementor-element elementor-element-9581577 elementor-widget elementor-widget-html\" data-id=\"9581577\" data-element_type=\"widget\" data-e-type=\"widget\" data-widget_type=\"html.default\">\n\t\t\t\t<div class=\"elementor-widget-container\">\n\t\t\t\t\t<span id=\"bgn\"><\/span>\n<a href=\"https:\/\/inci.neuro.unistra.fr\/\"><img decoding=\"async\" src=\"https:\/\/inci.neuro.unistra.fr\/wp-content\/uploads\/2023\/02\/home.png\"><\/a>&nbsp;&nbsp;&#8680;&nbsp;&nbsp;<a href=\"https:\/\/inci.neuro.unistra.fr\/?page_id=4173\">L' \u00e9quipe<\/a>\t\t\t\t<\/div>\n\t\t\t\t<\/div>\n\t\t\t\t\t<\/div>\n\t\t<\/div>\n\t\t\t\t\t<\/div>\n\t\t<\/section>\n\t\t\t\t<div class=\"elementor-section elementor-top-section elementor-element elementor-element-757fa0e elementor-section-content-top elementor-reverse-mobile elementor-section-boxed elementor-section-height-default elementor-section-height-default\" data-id=\"757fa0e\" data-element_type=\"section\" data-e-type=\"section\">\n\t\t\t\t\t\t<div class=\"elementor-container elementor-column-gap-no\">\n\t\t\t\t\t<div class=\"elementor-column elementor-col-66 elementor-top-column elementor-element elementor-element-3faab80\" data-id=\"3faab80\" data-element_type=\"column\" data-e-type=\"column\">\n\t\t\t<div class=\"elementor-widget-wrap elementor-element-populated\">\n\t\t\t\t\t\t<div class=\"elementor-element elementor-element-d8be460 elementor-widget elementor-widget-text-editor\" data-id=\"d8be460\" data-element_type=\"widget\" data-e-type=\"widget\" data-widget_type=\"text-editor.default\">\n\t\t\t\t<div class=\"elementor-widget-container\">\n\t\t\t\t\t\t\t\t\t<p>Charg\u00e9 de recherche CNRS \u00e0 l\u2019Institut des Neurosciences Cellulaires et Int\u00e9gratives depuis 2005, j\u2019\u00e9tudie les ph\u00e9nom\u00e8nes de plasticit\u00e9 d\u00e9pendants de l\u2019activit\u00e9 des synapses inhibitrices de la corne dorsale de la moelle \u00e9pini\u00e8re.<\/p><p>Mon objectif est de comprendre le r\u00f4le de la plasticit\u00e9 synaptique \u00e0 court-terme des synapses GABAergiques dans le traitement des informations nociceptives <em>(potentiellement douloureuses)<\/em>, et celui de changements plastiques \u00e0 long-terme de ces synapses lors du d\u00e9veloppement d\u2019\u00e9tats douloureux.<\/p>\t\t\t\t\t\t\t\t<\/div>\n\t\t\t\t<\/div>\n\t\t\t\t\t<\/div>\n\t\t<\/div>\n\t\t\t\t<div class=\"elementor-column elementor-col-33 elementor-top-column elementor-element elementor-element-a3b5c47\" data-id=\"a3b5c47\" data-element_type=\"column\" data-e-type=\"column\" data-settings=\"{&quot;background_background&quot;:&quot;classic&quot;}\">\n\t\t\t<div class=\"elementor-widget-wrap elementor-element-populated\">\n\t\t\t\t\t\t<div class=\"elementor-element elementor-element-c80c787 elementor-position-top elementor-widget elementor-widget-image-box\" data-id=\"c80c787\" data-element_type=\"widget\" data-e-type=\"widget\" data-widget_type=\"image-box.default\">\n\t\t\t\t<div class=\"elementor-widget-container\">\n\t\t\t\t\t<div class=\"elementor-image-box-wrapper\"><figure class=\"elementor-image-box-img\"><a href=\"https:\/\/scholar.google.fr\/citations?user=ez41t90AAAAJ&#038;hl=fr\" target=\"_blank\" tabindex=\"-1\"><img decoding=\"async\" width=\"150\" height=\"225\" src=\"https:\/\/inci.neuro.unistra.fr\/wp-content\/uploads\/2023\/03\/sylvain-hugel-150x225-1.jpg\" class=\"attachment-full size-full wp-image-7021\" alt=\"\" \/><\/a><\/figure><div class=\"elementor-image-box-content\"><h2 class=\"elementor-image-box-title\"><a href=\"https:\/\/scholar.google.fr\/citations?user=ez41t90AAAAJ&#038;hl=fr\" target=\"_blank\">Sylvain HUGEL<\/a><\/h2><p class=\"elementor-image-box-description\"><a href=\"https:\/\/scholar.google.fr\/citations?user=ez41t90AAAAJ&amp;hl=fr\" target=\"_blank\">Toutes mes publications<\/a><\/p><\/div><\/div>\t\t\t\t<\/div>\n\t\t\t\t<\/div>\n\t\t\t\t\t<\/div>\n\t\t<\/div>\n\t\t\t\t\t<\/div>\n\t\t<\/div>\n\t\t\t\t<section class=\"elementor-section elementor-top-section elementor-element elementor-element-590c32a elementor-section-content-top elementor-section-boxed elementor-section-height-default elementor-section-height-default\" data-id=\"590c32a\" data-element_type=\"section\" data-e-type=\"section\">\n\t\t\t\t\t\t<div class=\"elementor-container elementor-column-gap-extended\">\n\t\t\t\t\t<div class=\"elementor-column elementor-col-100 elementor-top-column elementor-element elementor-element-92d28cb\" data-id=\"92d28cb\" data-element_type=\"column\" data-e-type=\"column\">\n\t\t\t<div class=\"elementor-widget-wrap elementor-element-populated\">\n\t\t\t\t\t\t<div class=\"elementor-element elementor-element-00058dc elementor-widget elementor-widget-wp-widget-custom_html\" data-id=\"00058dc\" data-element_type=\"widget\" data-e-type=\"widget\" data-widget_type=\"wp-widget-custom_html.default\">\n\t\t\t\t<div class=\"elementor-widget-container\">\n\t\t\t\t\t<div class=\"textwidget custom-html-widget\"><span class=\"titre\"><b>J<\/b>e participe au projet<\/span><\/div>\t\t\t\t<\/div>\n\t\t\t\t<\/div>\n\t\t\t\t\t<\/div>\n\t\t<\/div>\n\t\t\t\t\t<\/div>\n\t\t<\/section>\n\t\t\t\t<section class=\"elementor-section elementor-top-section elementor-element elementor-element-7131968 elementor-section-content-top elementor-section-boxed elementor-section-height-default elementor-section-height-default\" data-id=\"7131968\" data-element_type=\"section\" data-e-type=\"section\">\n\t\t\t\t\t\t<div class=\"elementor-container elementor-column-gap-extended\">\n\t\t\t\t\t<div class=\"elementor-column elementor-col-100 elementor-top-column elementor-element elementor-element-5e065f8\" data-id=\"5e065f8\" data-element_type=\"column\" data-e-type=\"column\">\n\t\t\t<div class=\"elementor-widget-wrap elementor-element-populated\">\n\t\t\t\t\t\t<div class=\"elementor-element elementor-element-7b49b86 elementor-widget elementor-widget-text-editor\" data-id=\"7b49b86\" data-element_type=\"widget\" data-e-type=\"widget\" data-widget_type=\"text-editor.default\">\n\t\t\t\t<div class=\"elementor-widget-container\">\n\t\t\t\t\t\t\t\t\t<blockquote><p><a href=\"https:\/\/inci.neuro.unistra.fr\/?page_id=4775\">Plasticit\u00e9 activit\u00e9-d\u00e9pendante des synapses inhibitrices de la corne dorsale<\/a><\/p><\/blockquote>\t\t\t\t\t\t\t\t<\/div>\n\t\t\t\t<\/div>\n\t\t\t\t\t<\/div>\n\t\t<\/div>\n\t\t\t\t\t<\/div>\n\t\t<\/section>\n\t\t\t\t<section class=\"elementor-section elementor-top-section elementor-element elementor-element-ce59c99 elementor-section-boxed elementor-section-height-default elementor-section-height-default\" data-id=\"ce59c99\" data-element_type=\"section\" data-e-type=\"section\">\n\t\t\t\t\t\t<div class=\"elementor-container elementor-column-gap-default\">\n\t\t\t\t\t<div class=\"elementor-column elementor-col-100 elementor-top-column elementor-element elementor-element-004c5b0\" data-id=\"004c5b0\" data-element_type=\"column\" data-e-type=\"column\">\n\t\t\t<div class=\"elementor-widget-wrap elementor-element-populated\">\n\t\t\t\t\t\t<div class=\"elementor-element elementor-element-a130d6d elementor-widget elementor-widget-spacer\" data-id=\"a130d6d\" data-element_type=\"widget\" data-e-type=\"widget\" data-widget_type=\"spacer.default\">\n\t\t\t\t<div class=\"elementor-widget-container\">\n\t\t\t\t\t\t\t<div class=\"elementor-spacer\">\n\t\t\t<div class=\"elementor-spacer-inner\"><\/div>\n\t\t<\/div>\n\t\t\t\t\t\t<\/div>\n\t\t\t\t<\/div>\n\t\t\t\t\t<\/div>\n\t\t<\/div>\n\t\t\t\t\t<\/div>\n\t\t<\/section>\n\t\t\t\t<\/div>\n\t\t","protected":false},"excerpt":{"rendered":"<p>Sylvain HUGEL &nbsp;&nbsp;&#8680;&nbsp;&nbsp;L&rsquo; \u00e9quipe Charg\u00e9 de recherche CNRS \u00e0 l\u2019Institut des Neurosciences Cellulaires et Int\u00e9gratives depuis 2005, j\u2019\u00e9tudie les ph\u00e9nom\u00e8nes de plasticit\u00e9 d\u00e9pendants de l\u2019activit\u00e9 des synapses inhibitrices de la corne dorsale de la moelle \u00e9pini\u00e8re. Mon objectif est de comprendre le r\u00f4le de la plasticit\u00e9 synaptique \u00e0 court-terme des synapses GABAergiques dans le traitement [&hellip;]<\/p>\n","protected":false},"author":1,"featured_media":0,"parent":67,"menu_order":0,"comment_status":"closed","ping_status":"closed","template":"","meta":{"ocean_post_layout":"","ocean_both_sidebars_style":"","ocean_both_sidebars_content_width":0,"ocean_both_sidebars_sidebars_width":0,"ocean_sidebar":"0","ocean_second_sidebar":"0","ocean_disable_margins":"enable","ocean_add_body_class":"","ocean_shortcode_before_top_bar":"","ocean_shortcode_after_top_bar":"","ocean_shortcode_before_header":"","ocean_shortcode_after_header":"","ocean_has_shortcode":"","ocean_shortcode_after_title":"","ocean_shortcode_before_footer_widgets":"","ocean_shortcode_after_footer_widgets":"","ocean_shortcode_before_footer_bottom":"","ocean_shortcode_after_footer_bottom":"","ocean_display_top_bar":"default","ocean_display_header":"default","ocean_header_style":"","ocean_center_header_left_menu":"0","ocean_custom_header_template":"0","ocean_custom_logo":0,"ocean_custom_retina_logo":0,"ocean_custom_logo_max_width":0,"ocean_custom_logo_tablet_max_width":0,"ocean_custom_logo_mobile_max_width":0,"ocean_custom_logo_max_height":0,"ocean_custom_logo_tablet_max_height":0,"ocean_custom_logo_mobile_max_height":0,"ocean_header_custom_menu":"0","ocean_menu_typo_font_family":"0","ocean_menu_typo_font_subset":"","ocean_menu_typo_font_size":0,"ocean_menu_typo_font_size_tablet":0,"ocean_menu_typo_font_size_mobile":0,"ocean_menu_typo_font_size_unit":"px","ocean_menu_typo_font_weight":"","ocean_menu_typo_font_weight_tablet":"","ocean_menu_typo_font_weight_mobile":"","ocean_menu_typo_transform":"","ocean_menu_typo_transform_tablet":"","ocean_menu_typo_transform_mobile":"","ocean_menu_typo_line_height":0,"ocean_menu_typo_line_height_tablet":0,"ocean_menu_typo_line_height_mobile":0,"ocean_menu_typo_line_height_unit":"","ocean_menu_typo_spacing":0,"ocean_menu_typo_spacing_tablet":0,"ocean_menu_typo_spacing_mobile":0,"ocean_menu_typo_spacing_unit":"","ocean_menu_link_color":"","ocean_menu_link_color_hover":"","ocean_menu_link_color_active":"","ocean_menu_link_background":"","ocean_menu_link_hover_background":"","ocean_menu_link_active_background":"","ocean_menu_social_links_bg":"","ocean_menu_social_hover_links_bg":"","ocean_menu_social_links_color":"","ocean_menu_social_hover_links_color":"","ocean_disable_title":"default","ocean_disable_heading":"default","ocean_post_title":"","ocean_post_subheading":"","ocean_post_title_style":"","ocean_post_title_background_color":"","ocean_post_title_background":0,"ocean_post_title_bg_image_position":"","ocean_post_title_bg_image_attachment":"","ocean_post_title_bg_image_repeat":"","ocean_post_title_bg_image_size":"","ocean_post_title_height":0,"ocean_post_title_bg_overlay":0.5,"ocean_post_title_bg_overlay_color":"","ocean_disable_breadcrumbs":"default","ocean_breadcrumbs_color":"","ocean_breadcrumbs_separator_color":"","ocean_breadcrumbs_links_color":"","ocean_breadcrumbs_links_hover_color":"","ocean_display_footer_widgets":"default","ocean_display_footer_bottom":"default","ocean_custom_footer_template":"0","omw_enable_modal_window":"enable","footnotes":""},"class_list":["post-7004","page","type-page","status-publish","hentry","entry"],"yoast_head":"<!-- This site is optimized with the Yoast SEO plugin v27.4 - https:\/\/yoast.com\/product\/yoast-seo-wordpress\/ -->\n<title>Sylvain HUGEL - Institut des Neurosciences Cellulaires et Int\u00e9gratives<\/title>\n<meta name=\"description\" content=\"Charg\u00e9 de recherche CNRS \u00e0 l\u2019Institut des Neurosciences Cellulaires et Int\u00e9gratives depuis 2005, j\u2019\u00e9tudie les ph\u00e9nom\u00e8nes de plasticit\u00e9 d\u00e9pendants de l\u2019activit\u00e9 des synapses inhibitrices de la corne dorsale de la moelle \u00e9pini\u00e8re\" \/>\n<meta name=\"robots\" content=\"index, follow, max-snippet:-1, max-image-preview:large, max-video-preview:-1\" \/>\n<link rel=\"canonical\" href=\"https:\/\/inci.neuro.unistra.fr\/?page_id=7004\" \/>\n<meta property=\"og:locale\" content=\"fr_FR\" \/>\n<meta property=\"og:type\" content=\"article\" \/>\n<meta property=\"og:title\" content=\"Sylvain HUGEL - Institut des Neurosciences Cellulaires et Int\u00e9gratives\" \/>\n<meta property=\"og:description\" content=\"Charg\u00e9 de recherche CNRS \u00e0 l\u2019Institut des Neurosciences Cellulaires et Int\u00e9gratives depuis 2005, j\u2019\u00e9tudie les ph\u00e9nom\u00e8nes de plasticit\u00e9 d\u00e9pendants de l\u2019activit\u00e9 des synapses inhibitrices de la corne dorsale de la moelle \u00e9pini\u00e8re\" \/>\n<meta property=\"og:url\" content=\"https:\/\/inci.neuro.unistra.fr\/?page_id=7004\" \/>\n<meta property=\"og:site_name\" content=\"Institut des Neurosciences Cellulaires et Int\u00e9gratives\" \/>\n<meta property=\"article:modified_time\" content=\"2024-04-22T05:57:55+00:00\" \/>\n<meta property=\"og:image\" content=\"https:\/\/inci.neuro.unistra.fr\/wp-content\/uploads\/2023\/02\/home.png\" \/>\n<meta name=\"twitter:card\" content=\"summary_large_image\" \/>\n<meta name=\"twitter:site\" content=\"@incicnrs\" \/>\n<meta name=\"twitter:label1\" content=\"Dur\u00e9e de lecture estim\u00e9e\" \/>\n\t<meta name=\"twitter:data1\" content=\"1 minute\" \/>\n<script type=\"application\/ld+json\" class=\"yoast-schema-graph\">{\"@context\":\"https:\\\/\\\/schema.org\",\"@graph\":[{\"@type\":\"WebPage\",\"@id\":\"https:\\\/\\\/inci.neuro.unistra.fr\\\/?page_id=7004\",\"url\":\"https:\\\/\\\/inci.neuro.unistra.fr\\\/?page_id=7004\",\"name\":\"Sylvain HUGEL - Institut des Neurosciences Cellulaires et Int\u00e9gratives\",\"isPartOf\":{\"@id\":\"https:\\\/\\\/inci.neuro.unistra.fr\\\/#website\"},\"primaryImageOfPage\":{\"@id\":\"https:\\\/\\\/inci.neuro.unistra.fr\\\/?page_id=7004#primaryimage\"},\"image\":{\"@id\":\"https:\\\/\\\/inci.neuro.unistra.fr\\\/?page_id=7004#primaryimage\"},\"thumbnailUrl\":\"https:\\\/\\\/inci.neuro.unistra.fr\\\/wp-content\\\/uploads\\\/2023\\\/02\\\/home.png\",\"datePublished\":\"2023-03-14T08:08:52+00:00\",\"dateModified\":\"2024-04-22T05:57:55+00:00\",\"description\":\"Charg\u00e9 de recherche CNRS \u00e0 l\u2019Institut des Neurosciences Cellulaires et Int\u00e9gratives depuis 2005, j\u2019\u00e9tudie les ph\u00e9nom\u00e8nes de plasticit\u00e9 d\u00e9pendants de l\u2019activit\u00e9 des synapses inhibitrices de la corne dorsale de la moelle \u00e9pini\u00e8re\",\"breadcrumb\":{\"@id\":\"https:\\\/\\\/inci.neuro.unistra.fr\\\/?page_id=7004#breadcrumb\"},\"inLanguage\":\"fr-FR\",\"potentialAction\":[{\"@type\":\"ReadAction\",\"target\":[\"https:\\\/\\\/inci.neuro.unistra.fr\\\/?page_id=7004\"]}]},{\"@type\":\"ImageObject\",\"inLanguage\":\"fr-FR\",\"@id\":\"https:\\\/\\\/inci.neuro.unistra.fr\\\/?page_id=7004#primaryimage\",\"url\":\"https:\\\/\\\/inci.neuro.unistra.fr\\\/wp-content\\\/uploads\\\/2023\\\/02\\\/home.png\",\"contentUrl\":\"https:\\\/\\\/inci.neuro.unistra.fr\\\/wp-content\\\/uploads\\\/2023\\\/02\\\/home.png\",\"width\":23,\"height\":25},{\"@type\":\"BreadcrumbList\",\"@id\":\"https:\\\/\\\/inci.neuro.unistra.fr\\\/?page_id=7004#breadcrumb\",\"itemListElement\":[{\"@type\":\"ListItem\",\"position\":1,\"name\":\"Accueil\",\"item\":\"https:\\\/\\\/inci.neuro.unistra.fr\\\/\"},{\"@type\":\"ListItem\",\"position\":2,\"name\":\"Institut des Neurosciences Cellulaires et Int\u00e9gratives\",\"item\":\"https:\\\/\\\/inci.neuro.unistra.fr\\\/\"},{\"@type\":\"ListItem\",\"position\":3,\"name\":\"Sylvain HUGEL\"}]},{\"@type\":\"WebSite\",\"@id\":\"https:\\\/\\\/inci.neuro.unistra.fr\\\/#website\",\"url\":\"https:\\\/\\\/inci.neuro.unistra.fr\\\/\",\"name\":\"Institut des Neurosciences Cellulaires et Int\u00e9gratives\",\"description\":\"Institut des Neurosciences Cellulaires et Int\u00e9gratives\",\"publisher\":{\"@id\":\"https:\\\/\\\/inci.neuro.unistra.fr\\\/#organization\"},\"potentialAction\":[{\"@type\":\"SearchAction\",\"target\":{\"@type\":\"EntryPoint\",\"urlTemplate\":\"https:\\\/\\\/inci.neuro.unistra.fr\\\/?s={search_term_string}\"},\"query-input\":{\"@type\":\"PropertyValueSpecification\",\"valueRequired\":true,\"valueName\":\"search_term_string\"}}],\"inLanguage\":\"fr-FR\"},{\"@type\":\"Organization\",\"@id\":\"https:\\\/\\\/inci.neuro.unistra.fr\\\/#organization\",\"name\":\"Institut des Neurosciences Cellulaires et Int\u00e9gratives\",\"url\":\"https:\\\/\\\/inci.neuro.unistra.fr\\\/\",\"logo\":{\"@type\":\"ImageObject\",\"inLanguage\":\"fr-FR\",\"@id\":\"https:\\\/\\\/inci.neuro.unistra.fr\\\/#\\\/schema\\\/logo\\\/image\\\/\",\"url\":\"https:\\\/\\\/inci.neuro.unistra.fr\\\/wp-content\\\/uploads\\\/2025\\\/12\\\/logo-inci-blanc-200px.png\",\"contentUrl\":\"https:\\\/\\\/inci.neuro.unistra.fr\\\/wp-content\\\/uploads\\\/2025\\\/12\\\/logo-inci-blanc-200px.png\",\"width\":200,\"height\":225,\"caption\":\"Institut des Neurosciences Cellulaires et Int\u00e9gratives\"},\"image\":{\"@id\":\"https:\\\/\\\/inci.neuro.unistra.fr\\\/#\\\/schema\\\/logo\\\/image\\\/\"},\"sameAs\":[\"https:\\\/\\\/x.com\\\/incicnrs\"]}]}<\/script>\n<!-- \/ Yoast SEO plugin. -->","yoast_head_json":{"title":"Sylvain HUGEL - Institut des Neurosciences Cellulaires et Int\u00e9gratives","description":"Charg\u00e9 de recherche CNRS \u00e0 l\u2019Institut des Neurosciences Cellulaires et Int\u00e9gratives depuis 2005, j\u2019\u00e9tudie les ph\u00e9nom\u00e8nes de plasticit\u00e9 d\u00e9pendants de l\u2019activit\u00e9 des synapses inhibitrices de la corne dorsale de la moelle \u00e9pini\u00e8re","robots":{"index":"index","follow":"follow","max-snippet":"max-snippet:-1","max-image-preview":"max-image-preview:large","max-video-preview":"max-video-preview:-1"},"canonical":"https:\/\/inci.neuro.unistra.fr\/?page_id=7004","og_locale":"fr_FR","og_type":"article","og_title":"Sylvain HUGEL - Institut des Neurosciences Cellulaires et Int\u00e9gratives","og_description":"Charg\u00e9 de recherche CNRS \u00e0 l\u2019Institut des Neurosciences Cellulaires et Int\u00e9gratives depuis 2005, j\u2019\u00e9tudie les ph\u00e9nom\u00e8nes de plasticit\u00e9 d\u00e9pendants de l\u2019activit\u00e9 des synapses inhibitrices de la corne dorsale de la moelle \u00e9pini\u00e8re","og_url":"https:\/\/inci.neuro.unistra.fr\/?page_id=7004","og_site_name":"Institut des Neurosciences Cellulaires et Int\u00e9gratives","article_modified_time":"2024-04-22T05:57:55+00:00","og_image":[{"url":"https:\/\/inci.neuro.unistra.fr\/wp-content\/uploads\/2023\/02\/home.png","type":"","width":"","height":""}],"twitter_card":"summary_large_image","twitter_site":"@incicnrs","twitter_misc":{"Dur\u00e9e de lecture estim\u00e9e":"1 minute"},"schema":{"@context":"https:\/\/schema.org","@graph":[{"@type":"WebPage","@id":"https:\/\/inci.neuro.unistra.fr\/?page_id=7004","url":"https:\/\/inci.neuro.unistra.fr\/?page_id=7004","name":"Sylvain HUGEL - Institut des Neurosciences Cellulaires et Int\u00e9gratives","isPartOf":{"@id":"https:\/\/inci.neuro.unistra.fr\/#website"},"primaryImageOfPage":{"@id":"https:\/\/inci.neuro.unistra.fr\/?page_id=7004#primaryimage"},"image":{"@id":"https:\/\/inci.neuro.unistra.fr\/?page_id=7004#primaryimage"},"thumbnailUrl":"https:\/\/inci.neuro.unistra.fr\/wp-content\/uploads\/2023\/02\/home.png","datePublished":"2023-03-14T08:08:52+00:00","dateModified":"2024-04-22T05:57:55+00:00","description":"Charg\u00e9 de recherche CNRS \u00e0 l\u2019Institut des Neurosciences Cellulaires et Int\u00e9gratives depuis 2005, j\u2019\u00e9tudie les ph\u00e9nom\u00e8nes de plasticit\u00e9 d\u00e9pendants de l\u2019activit\u00e9 des synapses inhibitrices de la corne dorsale de la moelle \u00e9pini\u00e8re","breadcrumb":{"@id":"https:\/\/inci.neuro.unistra.fr\/?page_id=7004#breadcrumb"},"inLanguage":"fr-FR","potentialAction":[{"@type":"ReadAction","target":["https:\/\/inci.neuro.unistra.fr\/?page_id=7004"]}]},{"@type":"ImageObject","inLanguage":"fr-FR","@id":"https:\/\/inci.neuro.unistra.fr\/?page_id=7004#primaryimage","url":"https:\/\/inci.neuro.unistra.fr\/wp-content\/uploads\/2023\/02\/home.png","contentUrl":"https:\/\/inci.neuro.unistra.fr\/wp-content\/uploads\/2023\/02\/home.png","width":23,"height":25},{"@type":"BreadcrumbList","@id":"https:\/\/inci.neuro.unistra.fr\/?page_id=7004#breadcrumb","itemListElement":[{"@type":"ListItem","position":1,"name":"Accueil","item":"https:\/\/inci.neuro.unistra.fr\/"},{"@type":"ListItem","position":2,"name":"Institut des Neurosciences Cellulaires et Int\u00e9gratives","item":"https:\/\/inci.neuro.unistra.fr\/"},{"@type":"ListItem","position":3,"name":"Sylvain HUGEL"}]},{"@type":"WebSite","@id":"https:\/\/inci.neuro.unistra.fr\/#website","url":"https:\/\/inci.neuro.unistra.fr\/","name":"Institut des Neurosciences Cellulaires et Int\u00e9gratives","description":"Institut des Neurosciences Cellulaires et Int\u00e9gratives","publisher":{"@id":"https:\/\/inci.neuro.unistra.fr\/#organization"},"potentialAction":[{"@type":"SearchAction","target":{"@type":"EntryPoint","urlTemplate":"https:\/\/inci.neuro.unistra.fr\/?s={search_term_string}"},"query-input":{"@type":"PropertyValueSpecification","valueRequired":true,"valueName":"search_term_string"}}],"inLanguage":"fr-FR"},{"@type":"Organization","@id":"https:\/\/inci.neuro.unistra.fr\/#organization","name":"Institut des Neurosciences Cellulaires et Int\u00e9gratives","url":"https:\/\/inci.neuro.unistra.fr\/","logo":{"@type":"ImageObject","inLanguage":"fr-FR","@id":"https:\/\/inci.neuro.unistra.fr\/#\/schema\/logo\/image\/","url":"https:\/\/inci.neuro.unistra.fr\/wp-content\/uploads\/2025\/12\/logo-inci-blanc-200px.png","contentUrl":"https:\/\/inci.neuro.unistra.fr\/wp-content\/uploads\/2025\/12\/logo-inci-blanc-200px.png","width":200,"height":225,"caption":"Institut des Neurosciences Cellulaires et Int\u00e9gratives"},"image":{"@id":"https:\/\/inci.neuro.unistra.fr\/#\/schema\/logo\/image\/"},"sameAs":["https:\/\/x.com\/incicnrs"]}]}},"_links":{"self":[{"href":"https:\/\/inci.neuro.unistra.fr\/index.php?rest_route=\/wp\/v2\/pages\/7004","targetHints":{"allow":["GET"]}}],"collection":[{"href":"https:\/\/inci.neuro.unistra.fr\/index.php?rest_route=\/wp\/v2\/pages"}],"about":[{"href":"https:\/\/inci.neuro.unistra.fr\/index.php?rest_route=\/wp\/v2\/types\/page"}],"author":[{"embeddable":true,"href":"https:\/\/inci.neuro.unistra.fr\/index.php?rest_route=\/wp\/v2\/users\/1"}],"replies":[{"embeddable":true,"href":"https:\/\/inci.neuro.unistra.fr\/index.php?rest_route=%2Fwp%2Fv2%2Fcomments&post=7004"}],"version-history":[{"count":140,"href":"https:\/\/inci.neuro.unistra.fr\/index.php?rest_route=\/wp\/v2\/pages\/7004\/revisions"}],"predecessor-version":[{"id":21278,"href":"https:\/\/inci.neuro.unistra.fr\/index.php?rest_route=\/wp\/v2\/pages\/7004\/revisions\/21278"}],"up":[{"embeddable":true,"href":"https:\/\/inci.neuro.unistra.fr\/index.php?rest_route=\/wp\/v2\/pages\/67"}],"wp:attachment":[{"href":"https:\/\/inci.neuro.unistra.fr\/index.php?rest_route=%2Fwp%2Fv2%2Fmedia&parent=7004"}],"curies":[{"name":"wp","href":"https:\/\/api.w.org\/{rel}","templated":true}]}}