{"id":4823,"date":"2023-03-04T17:04:04","date_gmt":"2023-03-04T16:04:04","guid":{"rendered":"https:\/\/inci.neuro.unistra.fr\/?page_id=4823"},"modified":"2024-05-15T07:17:20","modified_gmt":"2024-05-15T05:17:20","slug":"perrine-inquimbert","status":"publish","type":"page","link":"https:\/\/inci.neuro.unistra.fr\/?page_id=4823","title":{"rendered":"Perrine INQUIMBERT"},"content":{"rendered":"\t\t<div data-elementor-type=\"wp-page\" data-elementor-id=\"4823\" class=\"elementor elementor-4823\">\n\t\t\t\t\t\t<div class=\"elementor-section elementor-top-section elementor-element elementor-element-9c0eb1c elementor-section-full_width elementor-section-height-min-height elementor-section-content-top elementor-section-height-default elementor-section-items-middle\" data-id=\"9c0eb1c\" data-element_type=\"section\" data-e-type=\"section\" data-settings=\"{&quot;background_background&quot;:&quot;slideshow&quot;,&quot;background_slideshow_gallery&quot;:[{&quot;id&quot;:4837,&quot;url&quot;:&quot;https:\\\/\\\/inci.neuro.unistra.fr\\\/wp-content\\\/uploads\\\/2023\\\/03\\\/perrine-inquimbert-2000x416-1.jpg&quot;}],&quot;background_slideshow_slide_duration&quot;:9999,&quot;background_slideshow_transition_duration&quot;:3000,&quot;background_slideshow_ken_burns&quot;:&quot;yes&quot;,&quot;background_slideshow_slide_transition&quot;:&quot;fade&quot;,&quot;background_slideshow_ken_burns_zoom_direction&quot;:&quot;in&quot;}\">\n\t\t\t\t\t\t\t<div class=\"elementor-background-overlay\"><\/div>\n\t\t\t\t\t\t\t<div class=\"elementor-container elementor-column-gap-no\">\n\t\t\t\t\t<div class=\"elementor-column elementor-col-100 elementor-top-column elementor-element elementor-element-7ec29b9\" data-id=\"7ec29b9\" data-element_type=\"column\" data-e-type=\"column\">\n\t\t\t<div class=\"elementor-widget-wrap elementor-element-populated\">\n\t\t\t\t\t\t<div class=\"elementor-element elementor-element-007e73e e-transform elementor-widget elementor-widget-text-editor\" data-id=\"007e73e\" data-element_type=\"widget\" data-e-type=\"widget\" data-settings=\"{&quot;_transform_rotateZ_effect&quot;:{&quot;unit&quot;:&quot;px&quot;,&quot;size&quot;:0,&quot;sizes&quot;:[]},&quot;_transform_rotateZ_effect_tablet&quot;:{&quot;unit&quot;:&quot;deg&quot;,&quot;size&quot;:&quot;&quot;,&quot;sizes&quot;:[]},&quot;_transform_rotateZ_effect_mobile&quot;:{&quot;unit&quot;:&quot;deg&quot;,&quot;size&quot;:&quot;&quot;,&quot;sizes&quot;:[]}}\" data-widget_type=\"text-editor.default\">\n\t\t\t\t<div class=\"elementor-widget-container\">\n\t\t\t\t\t\t\t\t\t<p>Perrine INQUIMBERT<\/p>\t\t\t\t\t\t\t\t<\/div>\n\t\t\t\t<\/div>\n\t\t\t\t\t<\/div>\n\t\t<\/div>\n\t\t\t\t\t<\/div>\n\t\t<\/div>\n\t\t\t\t<section class=\"elementor-section elementor-top-section elementor-element elementor-element-7e69d7c elementor-section-full_width elementor-section-content-top elementor-section-height-default elementor-section-height-default\" data-id=\"7e69d7c\" data-element_type=\"section\" data-e-type=\"section\">\n\t\t\t\t\t\t<div class=\"elementor-container elementor-column-gap-no\">\n\t\t\t\t\t<div class=\"elementor-column elementor-col-100 elementor-top-column elementor-element elementor-element-389f6dc\" data-id=\"389f6dc\" data-element_type=\"column\" data-e-type=\"column\">\n\t\t\t<div class=\"elementor-widget-wrap elementor-element-populated\">\n\t\t\t\t\t\t<section class=\"elementor-section elementor-inner-section elementor-element elementor-element-1604085 elementor-section-full_width elementor-section-height-min-height elementor-section-content-top elementor-section-height-default\" data-id=\"1604085\" data-element_type=\"section\" data-e-type=\"section\">\n\t\t\t\t\t\t<div class=\"elementor-container elementor-column-gap-no\">\n\t\t\t\t\t<div class=\"elementor-column elementor-col-100 elementor-inner-column elementor-element elementor-element-54fb41f\" data-id=\"54fb41f\" data-element_type=\"column\" data-e-type=\"column\" data-settings=\"{&quot;background_background&quot;:&quot;classic&quot;}\">\n\t\t\t<div class=\"elementor-widget-wrap\">\n\t\t\t\t\t\t\t<\/div>\n\t\t<\/div>\n\t\t\t\t\t<\/div>\n\t\t<\/section>\n\t\t\t\t\t<\/div>\n\t\t<\/div>\n\t\t\t\t\t<\/div>\n\t\t<\/section>\n\t\t\t\t<section class=\"elementor-section elementor-top-section elementor-element elementor-element-b6e6596 elementor-section-height-min-height elementor-section-content-top elementor-hidden-mobile elementor-section-boxed elementor-section-height-default elementor-section-items-middle\" data-id=\"b6e6596\" data-element_type=\"section\" data-e-type=\"section\">\n\t\t\t\t\t\t<div class=\"elementor-container elementor-column-gap-narrow\">\n\t\t\t\t\t<div class=\"elementor-column elementor-col-100 elementor-top-column elementor-element elementor-element-66b8a55\" data-id=\"66b8a55\" data-element_type=\"column\" data-e-type=\"column\">\n\t\t\t<div class=\"elementor-widget-wrap elementor-element-populated\">\n\t\t\t\t\t\t<div class=\"elementor-element elementor-element-41168a9 elementor-widget elementor-widget-html\" data-id=\"41168a9\" data-element_type=\"widget\" data-e-type=\"widget\" data-widget_type=\"html.default\">\n\t\t\t\t<div class=\"elementor-widget-container\">\n\t\t\t\t\t<span id=\"bgn\"><\/span>\n<a href=\"https:\/\/inci.neuro.unistra.fr\/\"><img decoding=\"async\" src=\"https:\/\/inci.neuro.unistra.fr\/wp-content\/uploads\/2023\/02\/home.png\"><\/a>&nbsp;&nbsp;&#8680;&nbsp;&nbsp;<a href=\"https:\/\/inci.neuro.unistra.fr\/?page_id=4173\">L' \u00e9quipe<\/a>\t\t\t\t<\/div>\n\t\t\t\t<\/div>\n\t\t\t\t\t<\/div>\n\t\t<\/div>\n\t\t\t\t\t<\/div>\n\t\t<\/section>\n\t\t\t\t<div class=\"elementor-section elementor-top-section elementor-element elementor-element-b778d81 elementor-section-content-top elementor-reverse-mobile elementor-section-boxed elementor-section-height-default elementor-section-height-default\" data-id=\"b778d81\" data-element_type=\"section\" data-e-type=\"section\">\n\t\t\t\t\t\t<div class=\"elementor-container elementor-column-gap-no\">\n\t\t\t\t\t<div class=\"elementor-column elementor-col-100 elementor-top-column elementor-element elementor-element-06d5548\" data-id=\"06d5548\" data-element_type=\"column\" data-e-type=\"column\">\n\t\t\t<div class=\"elementor-widget-wrap elementor-element-populated\">\n\t\t\t\t\t\t<div class=\"elementor-element elementor-element-538a055 elementor-widget elementor-widget-text-editor\" data-id=\"538a055\" data-element_type=\"widget\" data-e-type=\"widget\" data-widget_type=\"text-editor.default\">\n\t\t\t\t<div class=\"elementor-widget-container\">\n\t\t\t\t\t\t\t\t\t<p><span style=\"float: right; margin: 5px; padding: 10px; background: #efefef;\"><a href=\"https:\/\/orcid.org\/0000-0003-2625-1468\" target=\"_blank\" rel=\"noopener\">Toutes mes publications<\/a> <img decoding=\"async\" src=\"https:\/\/inci.neuro.unistra.fr\/wp-content\/uploads\/2023\/03\/orcid-18x18-1.png\" width=\"30\" \/><\/span>Ma\u00eetre de conf\u00e9rences en physiologie animale et neurophysiologie \u00e0 la facult\u00e9 des sciences de la vie de l\u2019universit\u00e9 de Strasbourg depuis 2012, je r\u00e9alise mon activit\u00e9 de recherche au sein de l\u2019\u00e9quipe \u00absignalisation nociceptives dans la moelle \u00e9pini\u00e8re \u00bb. Mon activit\u00e9 de recherche porte sur l\u2019\u00e9tude des propri\u00e9t\u00e9s et de la plasticit\u00e9 du r\u00e9seau neuronal de la corne dorsale. Mon objectif est de comprendre la structure et le fonctionnement des r\u00e9seaux de neurones de la corne dorsale (CD) de la moelle \u00e9pini\u00e8re qui mettent en forme et modulent l\u2019information nociceptive.<\/p><p>Je m\u2019int\u00e9resse plus particuli\u00e8rement \u00e0 la compr\u00e9hension des changements plastiques qui s\u2019op\u00e8rent dans ces r\u00e9seaux de la CD lors du d\u00e9veloppement des douleurs inflammatoires et\/ou neuropathiques et de mettre en \u00e9vidence les m\u00e9canismes qui sous-tendent la chronicisation de ces \u00e9tats douloureux.<\/p>\t\t\t\t\t\t\t\t<\/div>\n\t\t\t\t<\/div>\n\t\t\t\t\t<\/div>\n\t\t<\/div>\n\t\t\t\t\t<\/div>\n\t\t<\/div>\n\t\t\t\t<section class=\"elementor-section elementor-top-section elementor-element elementor-element-56a9247 elementor-section-boxed elementor-section-height-default elementor-section-height-default elementor-invisible\" data-id=\"56a9247\" data-element_type=\"section\" data-e-type=\"section\" data-settings=\"{&quot;animation&quot;:&quot;fadeInUp&quot;}\">\n\t\t\t\t\t\t<div class=\"elementor-container elementor-column-gap-default\">\n\t\t\t\t\t<div class=\"elementor-column elementor-col-100 elementor-top-column elementor-element elementor-element-0e53c47\" data-id=\"0e53c47\" data-element_type=\"column\" data-e-type=\"column\">\n\t\t\t<div class=\"elementor-widget-wrap elementor-element-populated\">\n\t\t\t\t\t\t<div class=\"elementor-element elementor-element-6f684f8 elementor-widget elementor-widget-wp-widget-custom_html\" data-id=\"6f684f8\" data-element_type=\"widget\" data-e-type=\"widget\" data-widget_type=\"wp-widget-custom_html.default\">\n\t\t\t\t<div class=\"elementor-widget-container\">\n\t\t\t\t\t<div class=\"textwidget custom-html-widget\"><span class=\"titre\"><b>J<\/b>e participe au projet<\/span><\/div>\t\t\t\t<\/div>\n\t\t\t\t<\/div>\n\t\t\t\t\t<\/div>\n\t\t<\/div>\n\t\t\t\t\t<\/div>\n\t\t<\/section>\n\t\t\t\t<section class=\"elementor-section elementor-top-section elementor-element elementor-element-fe62d8d elementor-section-content-top elementor-section-boxed elementor-section-height-default elementor-section-height-default\" data-id=\"fe62d8d\" data-element_type=\"section\" data-e-type=\"section\">\n\t\t\t\t\t\t<div class=\"elementor-container elementor-column-gap-extended\">\n\t\t\t\t\t<div class=\"elementor-column elementor-col-100 elementor-top-column elementor-element elementor-element-3a29a0e\" data-id=\"3a29a0e\" data-element_type=\"column\" data-e-type=\"column\">\n\t\t\t<div class=\"elementor-widget-wrap elementor-element-populated\">\n\t\t\t\t\t\t<div class=\"elementor-element elementor-element-ae5ea71 elementor-widget elementor-widget-text-editor\" data-id=\"ae5ea71\" data-element_type=\"widget\" data-e-type=\"widget\" data-widget_type=\"text-editor.default\">\n\t\t\t\t<div class=\"elementor-widget-container\">\n\t\t\t\t\t\t\t\t\t<blockquote><p><a href=\"https:\/\/inci.neuro.unistra.fr\/?page_id=4780\">Modulation et Plasticit\u00e9 de l\u2019inhibition spinale<\/a><\/p><\/blockquote>\t\t\t\t\t\t\t\t<\/div>\n\t\t\t\t<\/div>\n\t\t\t\t\t<\/div>\n\t\t<\/div>\n\t\t\t\t\t<\/div>\n\t\t<\/section>\n\t\t\t\t<section class=\"elementor-section elementor-top-section elementor-element elementor-element-0148348 elementor-section-boxed elementor-section-height-default elementor-section-height-default\" data-id=\"0148348\" data-element_type=\"section\" data-e-type=\"section\">\n\t\t\t\t\t\t<div class=\"elementor-container elementor-column-gap-default\">\n\t\t\t\t\t<div class=\"elementor-column elementor-col-100 elementor-top-column elementor-element elementor-element-077a1ab\" data-id=\"077a1ab\" data-element_type=\"column\" data-e-type=\"column\">\n\t\t\t<div class=\"elementor-widget-wrap elementor-element-populated\">\n\t\t\t\t\t\t<div class=\"elementor-element elementor-element-da99c67 elementor-widget elementor-widget-spacer\" data-id=\"da99c67\" data-element_type=\"widget\" data-e-type=\"widget\" data-widget_type=\"spacer.default\">\n\t\t\t\t<div class=\"elementor-widget-container\">\n\t\t\t\t\t\t\t<div class=\"elementor-spacer\">\n\t\t\t<div class=\"elementor-spacer-inner\"><\/div>\n\t\t<\/div>\n\t\t\t\t\t\t<\/div>\n\t\t\t\t<\/div>\n\t\t\t\t\t<\/div>\n\t\t<\/div>\n\t\t\t\t\t<\/div>\n\t\t<\/section>\n\t\t\t\t<\/div>\n\t\t","protected":false},"excerpt":{"rendered":"<p>Perrine INQUIMBERT &nbsp;&nbsp;&#8680;&nbsp;&nbsp;L&rsquo; \u00e9quipe Toutes mes publications Ma\u00eetre de conf\u00e9rences en physiologie animale et neurophysiologie \u00e0 la facult\u00e9 des sciences de la vie de l\u2019universit\u00e9 de Strasbourg depuis 2012, je r\u00e9alise mon activit\u00e9 de recherche au sein de l\u2019\u00e9quipe \u00absignalisation nociceptives dans la moelle \u00e9pini\u00e8re \u00bb. Mon activit\u00e9 de recherche porte sur l\u2019\u00e9tude des propri\u00e9t\u00e9s [&hellip;]<\/p>\n","protected":false},"author":1,"featured_media":0,"parent":67,"menu_order":0,"comment_status":"closed","ping_status":"closed","template":"","meta":{"ocean_post_layout":"","ocean_both_sidebars_style":"","ocean_both_sidebars_content_width":0,"ocean_both_sidebars_sidebars_width":0,"ocean_sidebar":"0","ocean_second_sidebar":"0","ocean_disable_margins":"enable","ocean_add_body_class":"","ocean_shortcode_before_top_bar":"","ocean_shortcode_after_top_bar":"","ocean_shortcode_before_header":"","ocean_shortcode_after_header":"","ocean_has_shortcode":"","ocean_shortcode_after_title":"","ocean_shortcode_before_footer_widgets":"","ocean_shortcode_after_footer_widgets":"","ocean_shortcode_before_footer_bottom":"","ocean_shortcode_after_footer_bottom":"","ocean_display_top_bar":"default","ocean_display_header":"default","ocean_header_style":"","ocean_center_header_left_menu":"0","ocean_custom_header_template":"0","ocean_custom_logo":0,"ocean_custom_retina_logo":0,"ocean_custom_logo_max_width":0,"ocean_custom_logo_tablet_max_width":0,"ocean_custom_logo_mobile_max_width":0,"ocean_custom_logo_max_height":0,"ocean_custom_logo_tablet_max_height":0,"ocean_custom_logo_mobile_max_height":0,"ocean_header_custom_menu":"0","ocean_menu_typo_font_family":"0","ocean_menu_typo_font_subset":"","ocean_menu_typo_font_size":0,"ocean_menu_typo_font_size_tablet":0,"ocean_menu_typo_font_size_mobile":0,"ocean_menu_typo_font_size_unit":"px","ocean_menu_typo_font_weight":"","ocean_menu_typo_font_weight_tablet":"","ocean_menu_typo_font_weight_mobile":"","ocean_menu_typo_transform":"","ocean_menu_typo_transform_tablet":"","ocean_menu_typo_transform_mobile":"","ocean_menu_typo_line_height":0,"ocean_menu_typo_line_height_tablet":0,"ocean_menu_typo_line_height_mobile":0,"ocean_menu_typo_line_height_unit":"","ocean_menu_typo_spacing":0,"ocean_menu_typo_spacing_tablet":0,"ocean_menu_typo_spacing_mobile":0,"ocean_menu_typo_spacing_unit":"","ocean_menu_link_color":"","ocean_menu_link_color_hover":"","ocean_menu_link_color_active":"","ocean_menu_link_background":"","ocean_menu_link_hover_background":"","ocean_menu_link_active_background":"","ocean_menu_social_links_bg":"","ocean_menu_social_hover_links_bg":"","ocean_menu_social_links_color":"","ocean_menu_social_hover_links_color":"","ocean_disable_title":"default","ocean_disable_heading":"default","ocean_post_title":"","ocean_post_subheading":"","ocean_post_title_style":"","ocean_post_title_background_color":"","ocean_post_title_background":0,"ocean_post_title_bg_image_position":"","ocean_post_title_bg_image_attachment":"","ocean_post_title_bg_image_repeat":"","ocean_post_title_bg_image_size":"","ocean_post_title_height":0,"ocean_post_title_bg_overlay":0.5,"ocean_post_title_bg_overlay_color":"","ocean_disable_breadcrumbs":"default","ocean_breadcrumbs_color":"","ocean_breadcrumbs_separator_color":"","ocean_breadcrumbs_links_color":"","ocean_breadcrumbs_links_hover_color":"","ocean_display_footer_widgets":"default","ocean_display_footer_bottom":"default","ocean_custom_footer_template":"0","omw_enable_modal_window":"enable","footnotes":""},"class_list":["post-4823","page","type-page","status-publish","hentry","entry"],"yoast_head":"<!-- This site is optimized with the Yoast SEO plugin v27.4 - https:\/\/yoast.com\/product\/yoast-seo-wordpress\/ -->\n<title>Perrine INQUIMBERT - Institut des Neurosciences Cellulaires et Int\u00e9gratives<\/title>\n<meta name=\"description\" content=\"Ma\u00eetre de conf\u00e9rences en physiologie animale et neurophysiologie \u00e0 la facult\u00e9 des sciences de la vie de l\u2019universit\u00e9 de Strasbourg depuis 2012, je r\u00e9alise mon activit\u00e9 de recherche au sein de l\u2019\u00e9quipe \u00absignalisation nociceptives dans la moelle \u00e9pini\u00e8re \u00bb\" \/>\n<meta name=\"robots\" content=\"index, follow, max-snippet:-1, max-image-preview:large, max-video-preview:-1\" \/>\n<link rel=\"canonical\" href=\"https:\/\/inci.neuro.unistra.fr\/?page_id=4823\" \/>\n<meta property=\"og:locale\" content=\"fr_FR\" \/>\n<meta property=\"og:type\" content=\"article\" \/>\n<meta property=\"og:title\" content=\"Perrine INQUIMBERT - Institut des Neurosciences Cellulaires et Int\u00e9gratives\" \/>\n<meta property=\"og:description\" content=\"Ma\u00eetre de conf\u00e9rences en physiologie animale et neurophysiologie \u00e0 la facult\u00e9 des sciences de la vie de l\u2019universit\u00e9 de Strasbourg depuis 2012, je r\u00e9alise mon activit\u00e9 de recherche au sein de l\u2019\u00e9quipe \u00absignalisation nociceptives dans la moelle \u00e9pini\u00e8re \u00bb\" \/>\n<meta property=\"og:url\" content=\"https:\/\/inci.neuro.unistra.fr\/?page_id=4823\" \/>\n<meta property=\"og:site_name\" content=\"Institut des Neurosciences Cellulaires et Int\u00e9gratives\" \/>\n<meta property=\"article:modified_time\" content=\"2024-05-15T05:17:20+00:00\" \/>\n<meta property=\"og:image\" content=\"https:\/\/inci.neuro.unistra.fr\/wp-content\/uploads\/2023\/02\/home.png\" \/>\n<meta name=\"twitter:card\" content=\"summary_large_image\" \/>\n<meta name=\"twitter:site\" content=\"@incicnrs\" \/>\n<meta name=\"twitter:label1\" content=\"Dur\u00e9e de lecture estim\u00e9e\" \/>\n\t<meta name=\"twitter:data1\" content=\"2 minutes\" \/>\n<script type=\"application\/ld+json\" class=\"yoast-schema-graph\">{\"@context\":\"https:\\\/\\\/schema.org\",\"@graph\":[{\"@type\":\"WebPage\",\"@id\":\"https:\\\/\\\/inci.neuro.unistra.fr\\\/?page_id=4823\",\"url\":\"https:\\\/\\\/inci.neuro.unistra.fr\\\/?page_id=4823\",\"name\":\"Perrine INQUIMBERT - Institut des Neurosciences Cellulaires et Int\u00e9gratives\",\"isPartOf\":{\"@id\":\"https:\\\/\\\/inci.neuro.unistra.fr\\\/#website\"},\"primaryImageOfPage\":{\"@id\":\"https:\\\/\\\/inci.neuro.unistra.fr\\\/?page_id=4823#primaryimage\"},\"image\":{\"@id\":\"https:\\\/\\\/inci.neuro.unistra.fr\\\/?page_id=4823#primaryimage\"},\"thumbnailUrl\":\"https:\\\/\\\/inci.neuro.unistra.fr\\\/wp-content\\\/uploads\\\/2023\\\/02\\\/home.png\",\"datePublished\":\"2023-03-04T16:04:04+00:00\",\"dateModified\":\"2024-05-15T05:17:20+00:00\",\"description\":\"Ma\u00eetre de conf\u00e9rences en physiologie animale et neurophysiologie \u00e0 la facult\u00e9 des sciences de la vie de l\u2019universit\u00e9 de Strasbourg depuis 2012, je r\u00e9alise mon activit\u00e9 de recherche au sein de l\u2019\u00e9quipe \u00absignalisation nociceptives dans la moelle \u00e9pini\u00e8re \u00bb\",\"breadcrumb\":{\"@id\":\"https:\\\/\\\/inci.neuro.unistra.fr\\\/?page_id=4823#breadcrumb\"},\"inLanguage\":\"fr-FR\",\"potentialAction\":[{\"@type\":\"ReadAction\",\"target\":[\"https:\\\/\\\/inci.neuro.unistra.fr\\\/?page_id=4823\"]}]},{\"@type\":\"ImageObject\",\"inLanguage\":\"fr-FR\",\"@id\":\"https:\\\/\\\/inci.neuro.unistra.fr\\\/?page_id=4823#primaryimage\",\"url\":\"https:\\\/\\\/inci.neuro.unistra.fr\\\/wp-content\\\/uploads\\\/2023\\\/02\\\/home.png\",\"contentUrl\":\"https:\\\/\\\/inci.neuro.unistra.fr\\\/wp-content\\\/uploads\\\/2023\\\/02\\\/home.png\",\"width\":23,\"height\":25},{\"@type\":\"BreadcrumbList\",\"@id\":\"https:\\\/\\\/inci.neuro.unistra.fr\\\/?page_id=4823#breadcrumb\",\"itemListElement\":[{\"@type\":\"ListItem\",\"position\":1,\"name\":\"Accueil\",\"item\":\"https:\\\/\\\/inci.neuro.unistra.fr\\\/\"},{\"@type\":\"ListItem\",\"position\":2,\"name\":\"Institut des Neurosciences Cellulaires et Int\u00e9gratives\",\"item\":\"https:\\\/\\\/inci.neuro.unistra.fr\\\/\"},{\"@type\":\"ListItem\",\"position\":3,\"name\":\"Perrine INQUIMBERT\"}]},{\"@type\":\"WebSite\",\"@id\":\"https:\\\/\\\/inci.neuro.unistra.fr\\\/#website\",\"url\":\"https:\\\/\\\/inci.neuro.unistra.fr\\\/\",\"name\":\"Institut des Neurosciences Cellulaires et Int\u00e9gratives\",\"description\":\"Institut des Neurosciences Cellulaires et Int\u00e9gratives\",\"publisher\":{\"@id\":\"https:\\\/\\\/inci.neuro.unistra.fr\\\/#organization\"},\"potentialAction\":[{\"@type\":\"SearchAction\",\"target\":{\"@type\":\"EntryPoint\",\"urlTemplate\":\"https:\\\/\\\/inci.neuro.unistra.fr\\\/?s={search_term_string}\"},\"query-input\":{\"@type\":\"PropertyValueSpecification\",\"valueRequired\":true,\"valueName\":\"search_term_string\"}}],\"inLanguage\":\"fr-FR\"},{\"@type\":\"Organization\",\"@id\":\"https:\\\/\\\/inci.neuro.unistra.fr\\\/#organization\",\"name\":\"Institut des Neurosciences Cellulaires et Int\u00e9gratives\",\"url\":\"https:\\\/\\\/inci.neuro.unistra.fr\\\/\",\"logo\":{\"@type\":\"ImageObject\",\"inLanguage\":\"fr-FR\",\"@id\":\"https:\\\/\\\/inci.neuro.unistra.fr\\\/#\\\/schema\\\/logo\\\/image\\\/\",\"url\":\"https:\\\/\\\/inci.neuro.unistra.fr\\\/wp-content\\\/uploads\\\/2025\\\/12\\\/logo-inci-blanc-200px.png\",\"contentUrl\":\"https:\\\/\\\/inci.neuro.unistra.fr\\\/wp-content\\\/uploads\\\/2025\\\/12\\\/logo-inci-blanc-200px.png\",\"width\":200,\"height\":225,\"caption\":\"Institut des Neurosciences Cellulaires et Int\u00e9gratives\"},\"image\":{\"@id\":\"https:\\\/\\\/inci.neuro.unistra.fr\\\/#\\\/schema\\\/logo\\\/image\\\/\"},\"sameAs\":[\"https:\\\/\\\/x.com\\\/incicnrs\"]}]}<\/script>\n<!-- \/ Yoast SEO plugin. -->","yoast_head_json":{"title":"Perrine INQUIMBERT - Institut des Neurosciences Cellulaires et Int\u00e9gratives","description":"Ma\u00eetre de conf\u00e9rences en physiologie animale et neurophysiologie \u00e0 la facult\u00e9 des sciences de la vie de l\u2019universit\u00e9 de Strasbourg depuis 2012, je r\u00e9alise mon activit\u00e9 de recherche au sein de l\u2019\u00e9quipe \u00absignalisation nociceptives dans la moelle \u00e9pini\u00e8re \u00bb","robots":{"index":"index","follow":"follow","max-snippet":"max-snippet:-1","max-image-preview":"max-image-preview:large","max-video-preview":"max-video-preview:-1"},"canonical":"https:\/\/inci.neuro.unistra.fr\/?page_id=4823","og_locale":"fr_FR","og_type":"article","og_title":"Perrine INQUIMBERT - Institut des Neurosciences Cellulaires et Int\u00e9gratives","og_description":"Ma\u00eetre de conf\u00e9rences en physiologie animale et neurophysiologie \u00e0 la facult\u00e9 des sciences de la vie de l\u2019universit\u00e9 de Strasbourg depuis 2012, je r\u00e9alise mon activit\u00e9 de recherche au sein de l\u2019\u00e9quipe \u00absignalisation nociceptives dans la moelle \u00e9pini\u00e8re \u00bb","og_url":"https:\/\/inci.neuro.unistra.fr\/?page_id=4823","og_site_name":"Institut des Neurosciences Cellulaires et Int\u00e9gratives","article_modified_time":"2024-05-15T05:17:20+00:00","og_image":[{"url":"https:\/\/inci.neuro.unistra.fr\/wp-content\/uploads\/2023\/02\/home.png","type":"","width":"","height":""}],"twitter_card":"summary_large_image","twitter_site":"@incicnrs","twitter_misc":{"Dur\u00e9e de lecture estim\u00e9e":"2 minutes"},"schema":{"@context":"https:\/\/schema.org","@graph":[{"@type":"WebPage","@id":"https:\/\/inci.neuro.unistra.fr\/?page_id=4823","url":"https:\/\/inci.neuro.unistra.fr\/?page_id=4823","name":"Perrine INQUIMBERT - Institut des Neurosciences Cellulaires et Int\u00e9gratives","isPartOf":{"@id":"https:\/\/inci.neuro.unistra.fr\/#website"},"primaryImageOfPage":{"@id":"https:\/\/inci.neuro.unistra.fr\/?page_id=4823#primaryimage"},"image":{"@id":"https:\/\/inci.neuro.unistra.fr\/?page_id=4823#primaryimage"},"thumbnailUrl":"https:\/\/inci.neuro.unistra.fr\/wp-content\/uploads\/2023\/02\/home.png","datePublished":"2023-03-04T16:04:04+00:00","dateModified":"2024-05-15T05:17:20+00:00","description":"Ma\u00eetre de conf\u00e9rences en physiologie animale et neurophysiologie \u00e0 la facult\u00e9 des sciences de la vie de l\u2019universit\u00e9 de Strasbourg depuis 2012, je r\u00e9alise mon activit\u00e9 de recherche au sein de l\u2019\u00e9quipe \u00absignalisation nociceptives dans la moelle \u00e9pini\u00e8re \u00bb","breadcrumb":{"@id":"https:\/\/inci.neuro.unistra.fr\/?page_id=4823#breadcrumb"},"inLanguage":"fr-FR","potentialAction":[{"@type":"ReadAction","target":["https:\/\/inci.neuro.unistra.fr\/?page_id=4823"]}]},{"@type":"ImageObject","inLanguage":"fr-FR","@id":"https:\/\/inci.neuro.unistra.fr\/?page_id=4823#primaryimage","url":"https:\/\/inci.neuro.unistra.fr\/wp-content\/uploads\/2023\/02\/home.png","contentUrl":"https:\/\/inci.neuro.unistra.fr\/wp-content\/uploads\/2023\/02\/home.png","width":23,"height":25},{"@type":"BreadcrumbList","@id":"https:\/\/inci.neuro.unistra.fr\/?page_id=4823#breadcrumb","itemListElement":[{"@type":"ListItem","position":1,"name":"Accueil","item":"https:\/\/inci.neuro.unistra.fr\/"},{"@type":"ListItem","position":2,"name":"Institut des Neurosciences Cellulaires et Int\u00e9gratives","item":"https:\/\/inci.neuro.unistra.fr\/"},{"@type":"ListItem","position":3,"name":"Perrine INQUIMBERT"}]},{"@type":"WebSite","@id":"https:\/\/inci.neuro.unistra.fr\/#website","url":"https:\/\/inci.neuro.unistra.fr\/","name":"Institut des Neurosciences Cellulaires et Int\u00e9gratives","description":"Institut des Neurosciences Cellulaires et Int\u00e9gratives","publisher":{"@id":"https:\/\/inci.neuro.unistra.fr\/#organization"},"potentialAction":[{"@type":"SearchAction","target":{"@type":"EntryPoint","urlTemplate":"https:\/\/inci.neuro.unistra.fr\/?s={search_term_string}"},"query-input":{"@type":"PropertyValueSpecification","valueRequired":true,"valueName":"search_term_string"}}],"inLanguage":"fr-FR"},{"@type":"Organization","@id":"https:\/\/inci.neuro.unistra.fr\/#organization","name":"Institut des Neurosciences Cellulaires et Int\u00e9gratives","url":"https:\/\/inci.neuro.unistra.fr\/","logo":{"@type":"ImageObject","inLanguage":"fr-FR","@id":"https:\/\/inci.neuro.unistra.fr\/#\/schema\/logo\/image\/","url":"https:\/\/inci.neuro.unistra.fr\/wp-content\/uploads\/2025\/12\/logo-inci-blanc-200px.png","contentUrl":"https:\/\/inci.neuro.unistra.fr\/wp-content\/uploads\/2025\/12\/logo-inci-blanc-200px.png","width":200,"height":225,"caption":"Institut des Neurosciences Cellulaires et Int\u00e9gratives"},"image":{"@id":"https:\/\/inci.neuro.unistra.fr\/#\/schema\/logo\/image\/"},"sameAs":["https:\/\/x.com\/incicnrs"]}]}},"_links":{"self":[{"href":"https:\/\/inci.neuro.unistra.fr\/index.php?rest_route=\/wp\/v2\/pages\/4823","targetHints":{"allow":["GET"]}}],"collection":[{"href":"https:\/\/inci.neuro.unistra.fr\/index.php?rest_route=\/wp\/v2\/pages"}],"about":[{"href":"https:\/\/inci.neuro.unistra.fr\/index.php?rest_route=\/wp\/v2\/types\/page"}],"author":[{"embeddable":true,"href":"https:\/\/inci.neuro.unistra.fr\/index.php?rest_route=\/wp\/v2\/users\/1"}],"replies":[{"embeddable":true,"href":"https:\/\/inci.neuro.unistra.fr\/index.php?rest_route=%2Fwp%2Fv2%2Fcomments&post=4823"}],"version-history":[{"count":111,"href":"https:\/\/inci.neuro.unistra.fr\/index.php?rest_route=\/wp\/v2\/pages\/4823\/revisions"}],"predecessor-version":[{"id":21310,"href":"https:\/\/inci.neuro.unistra.fr\/index.php?rest_route=\/wp\/v2\/pages\/4823\/revisions\/21310"}],"up":[{"embeddable":true,"href":"https:\/\/inci.neuro.unistra.fr\/index.php?rest_route=\/wp\/v2\/pages\/67"}],"wp:attachment":[{"href":"https:\/\/inci.neuro.unistra.fr\/index.php?rest_route=%2Fwp%2Fv2%2Fmedia&parent=4823"}],"curies":[{"name":"wp","href":"https:\/\/api.w.org\/{rel}","templated":true}]}}