{"id":4130,"date":"2023-03-01T14:05:26","date_gmt":"2023-03-01T13:05:26","guid":{"rendered":"https:\/\/inci.neuro.unistra.fr\/?page_id=4130"},"modified":"2026-01-20T09:57:33","modified_gmt":"2026-01-20T08:57:33","slug":"uar-3156","status":"publish","type":"page","link":"https:\/\/inci.neuro.unistra.fr\/?page_id=4130","title":{"rendered":"UAR 3156"},"content":{"rendered":"\t\t<div data-elementor-type=\"wp-page\" data-elementor-id=\"4130\" class=\"elementor elementor-4130\">\n\t\t\t\t\t\t<div class=\"elementor-section elementor-top-section elementor-element elementor-element-ffe93f7 elementor-section-full_width elementor-section-content-top elementor-reverse-mobile elementor-section-height-default elementor-section-height-default\" data-id=\"ffe93f7\" data-element_type=\"section\" data-e-type=\"section\" data-settings=\"{&quot;background_background&quot;:&quot;classic&quot;}\">\n\t\t\t\t\t\t<div class=\"elementor-container elementor-column-gap-no\">\n\t\t\t\t\t<div class=\"elementor-column elementor-col-50 elementor-top-column elementor-element elementor-element-e323afb elementor-hidden-mobile\" data-id=\"e323afb\" data-element_type=\"column\" data-e-type=\"column\">\n\t\t\t<div class=\"elementor-widget-wrap elementor-element-populated\">\n\t\t\t\t\t\t<div class=\"elementor-element elementor-element-2a00b1d elementor-widget__width-initial elementor-widget elementor-widget-wp-widget-media_image\" data-id=\"2a00b1d\" data-element_type=\"widget\" data-e-type=\"widget\" data-widget_type=\"wp-widget-media_image.default\">\n\t\t\t\t<div class=\"elementor-widget-container\">\n\t\t\t\t\t<a href=\"https:\/\/inci.neuro.unistra.fr\/wp-content\/uploads\/2023\/11\/ensavoirplus-inci-1000x315-1.jpg\"><img fetchpriority=\"high\" decoding=\"async\" width=\"1000\" height=\"315\" src=\"https:\/\/inci.neuro.unistra.fr\/wp-content\/uploads\/2023\/11\/ensavoirplus-inci-1000x315-1.jpg\" class=\"image wp-image-15636  attachment-full size-full\" alt=\"\" style=\"max-width: 100%; height: auto;\" srcset=\"https:\/\/inci.neuro.unistra.fr\/wp-content\/uploads\/2023\/11\/ensavoirplus-inci-1000x315-1.jpg 1000w, https:\/\/inci.neuro.unistra.fr\/wp-content\/uploads\/2023\/11\/ensavoirplus-inci-1000x315-1-300x95.jpg 300w, https:\/\/inci.neuro.unistra.fr\/wp-content\/uploads\/2023\/11\/ensavoirplus-inci-1000x315-1-768x242.jpg 768w\" sizes=\"(max-width: 1000px) 100vw, 1000px\" \/><\/a>\t\t\t\t<\/div>\n\t\t\t\t<\/div>\n\t\t\t\t\t<\/div>\n\t\t<\/div>\n\t\t\t\t<div class=\"elementor-column elementor-col-50 elementor-top-column elementor-element elementor-element-eabdfba\" data-id=\"eabdfba\" data-element_type=\"column\" data-e-type=\"column\" data-settings=\"{&quot;background_background&quot;:&quot;classic&quot;}\">\n\t\t\t<div class=\"elementor-widget-wrap elementor-element-populated\">\n\t\t\t\t\t\t<div class=\"elementor-element elementor-element-a74d94a elementor-widget-mobile__width-inherit elementor-widget elementor-widget-wp-widget-text\" data-id=\"a74d94a\" data-element_type=\"widget\" data-e-type=\"widget\" data-widget_type=\"wp-widget-text.default\">\n\t\t\t\t<div class=\"elementor-widget-container\">\n\t\t\t\t\t\t\t\t<div class=\"textwidget\"><p><strong><a href=\"#bgn\">UAR-3156<\/a><\/strong><br \/>\nUnit\u00e9 d&rsquo;Appui \u00e0 la Recherche<\/p>\n<p><img decoding=\"async\" class=\"size-full wp-image-4575 aligncenter\" src=\"https:\/\/inci.neuro.unistra.fr\/wp-content\/uploads\/2023\/03\/pascal-darbon-90x110-1.jpg\" alt=\"\" width=\"90\" \/>Directeur: <strong>Pascal DARBON<\/strong><\/p>\n<\/div>\n\t\t\t\t\t\t<\/div>\n\t\t\t\t<\/div>\n\t\t\t\t\t<\/div>\n\t\t<\/div>\n\t\t\t\t\t<\/div>\n\t\t<\/div>\n\t\t\t\t<section class=\"elementor-section elementor-top-section elementor-element elementor-element-b99e5d4 elementor-section-full_width elementor-section-content-top elementor-section-height-default elementor-section-height-default\" data-id=\"b99e5d4\" data-element_type=\"section\" data-e-type=\"section\">\n\t\t\t\t\t\t<div class=\"elementor-container elementor-column-gap-no\">\n\t\t\t\t\t<div class=\"elementor-column elementor-col-100 elementor-top-column elementor-element elementor-element-6a162ec\" data-id=\"6a162ec\" data-element_type=\"column\" data-e-type=\"column\">\n\t\t\t<div class=\"elementor-widget-wrap elementor-element-populated\">\n\t\t\t\t\t\t<div class=\"elementor-element elementor-element-17bfc19 elementor-widget elementor-widget-image\" data-id=\"17bfc19\" data-element_type=\"widget\" data-e-type=\"widget\" data-widget_type=\"image.default\">\n\t\t\t\t<div class=\"elementor-widget-container\">\n\t\t\t\t\t\t\t\t\t\t\t\t\t\t\t<img decoding=\"async\" width=\"1000\" height=\"70\" src=\"https:\/\/inci.neuro.unistra.fr\/wp-content\/uploads\/2023\/10\/fleche-bas-UAR3156-1000x70-1.png\" class=\"attachment-full size-full wp-image-11763\" alt=\"\" srcset=\"https:\/\/inci.neuro.unistra.fr\/wp-content\/uploads\/2023\/10\/fleche-bas-UAR3156-1000x70-1.png 1000w, https:\/\/inci.neuro.unistra.fr\/wp-content\/uploads\/2023\/10\/fleche-bas-UAR3156-1000x70-1-300x21.png 300w, https:\/\/inci.neuro.unistra.fr\/wp-content\/uploads\/2023\/10\/fleche-bas-UAR3156-1000x70-1-768x54.png 768w\" sizes=\"(max-width: 1000px) 100vw, 1000px\" \/>\t\t\t\t\t\t\t\t\t\t\t\t\t\t\t<\/div>\n\t\t\t\t<\/div>\n\t\t\t\t\t<\/div>\n\t\t<\/div>\n\t\t\t\t\t<\/div>\n\t\t<\/section>\n\t\t\t\t<section class=\"elementor-section elementor-top-section elementor-element elementor-element-7909b0f elementor-section-height-min-height elementor-section-content-top elementor-hidden-mobile elementor-section-boxed elementor-section-height-default elementor-section-items-middle\" data-id=\"7909b0f\" data-element_type=\"section\" data-e-type=\"section\">\n\t\t\t\t\t\t<div class=\"elementor-container elementor-column-gap-narrow\">\n\t\t\t\t\t<div class=\"elementor-column elementor-col-100 elementor-top-column elementor-element elementor-element-5ddb9d7\" data-id=\"5ddb9d7\" data-element_type=\"column\" data-e-type=\"column\">\n\t\t\t<div class=\"elementor-widget-wrap elementor-element-populated\">\n\t\t\t\t\t\t<div class=\"elementor-element elementor-element-72d49d5 elementor-widget elementor-widget-html\" data-id=\"72d49d5\" data-element_type=\"widget\" data-e-type=\"widget\" data-widget_type=\"html.default\">\n\t\t\t\t<div class=\"elementor-widget-container\">\n\t\t\t\t\t<span id=\"bgn\"><\/span>\n<a href=\"https:\/\/inci.neuro.unistra.fr\/\"><img decoding=\"async\" src=\"https:\/\/inci.neuro.unistra.fr\/wp-content\/uploads\/2023\/02\/home.png\"><\/a>\t\t\t\t<\/div>\n\t\t\t\t<\/div>\n\t\t\t\t\t<\/div>\n\t\t<\/div>\n\t\t\t\t\t<\/div>\n\t\t<\/section>\n\t\t\t\t<div class=\"elementor-section elementor-top-section elementor-element elementor-element-23c38d2 elementor-section-content-top elementor-section-boxed elementor-section-height-default elementor-section-height-default\" data-id=\"23c38d2\" data-element_type=\"section\" data-e-type=\"section\">\n\t\t\t\t\t\t<div class=\"elementor-container elementor-column-gap-narrow\">\n\t\t\t\t\t<div class=\"elementor-column elementor-col-100 elementor-top-column elementor-element elementor-element-c86de48\" data-id=\"c86de48\" data-element_type=\"column\" data-e-type=\"column\">\n\t\t\t<div class=\"elementor-widget-wrap elementor-element-populated\">\n\t\t\t\t\t\t<div class=\"elementor-element elementor-element-328afaa elementor-widget elementor-widget-text-editor\" data-id=\"328afaa\" data-element_type=\"widget\" data-e-type=\"widget\" data-widget_type=\"text-editor.default\">\n\t\t\t\t<div class=\"elementor-widget-container\">\n\t\t\t\t\t\t\t\t\t<p>L\u2019Unit\u00e9 Appui \u00e0 la Recherche du CNRS UAR-3156 a pour mission la gestion technique, financi\u00e8re et administrative du b\u00e2timent \u201cCentre de Neurochimie\u201d situ\u00e9 au 8 all\u00e9e du g\u00e9n\u00e9ral Rouvillois, sur le campus de l\u2019Esplanade de l\u2019Universit\u00e9 de Strasbourg.<\/p><p>Ce b\u00e2timent construit dans les ann\u00e9es 1978-79 par le CNRS pour y d\u00e9velopper des recherches portant sur la \u00ab chimie du cerveau \u00bb h\u00e9berge aujourd\u2019hui l\u2019Institut des Neurosciences Cellulaires et Int\u00e9gratives <em>(INCI)<\/em>, la plateforme d\u2019h\u00e9bergement et d\u2019exploration fonctionnelle pour rongeurs Chronobiotron et la plateforme d\u2019<a href=\"http:\/\/imagerieinvitro.u-strasbg.fr\/\" target=\"_blank\" rel=\"noopener\">Imagerie In Vitro<\/a>.<\/p><p>Les services regroup\u00e9s au sein de l\u2019UAR sont propos\u00e9s \u00e0 l\u2019ensemble des \u00e9quipes de recherche, services et plateformes localis\u00e9es dans le b\u00e2timent.<\/p><p>La gestion financi\u00e8re et la gestion des personnels de l\u2019UAR-3156 sont assur\u00e9es par le <a href=\"https:\/\/intrainci.u-strasbg.fr\/?page_id=2858\" target=\"_blank\" rel=\"noopener\">P\u00f4le administratif de l\u2019INCI<\/a>.<\/p>\t\t\t\t\t\t\t\t<\/div>\n\t\t\t\t<\/div>\n\t\t\t\t\t<\/div>\n\t\t<\/div>\n\t\t\t\t\t<\/div>\n\t\t<\/div>\n\t\t\t\t<section class=\"elementor-section elementor-top-section elementor-element elementor-element-665197b elementor-section-height-min-height elementor-section-content-top elementor-hidden-mobile elementor-section-boxed elementor-section-height-default elementor-section-items-middle\" data-id=\"665197b\" data-element_type=\"section\" data-e-type=\"section\">\n\t\t\t\t\t\t<div class=\"elementor-container elementor-column-gap-narrow\">\n\t\t\t\t\t<div class=\"elementor-column elementor-col-100 elementor-top-column elementor-element elementor-element-7c34b05\" data-id=\"7c34b05\" data-element_type=\"column\" data-e-type=\"column\">\n\t\t\t<div class=\"elementor-widget-wrap elementor-element-populated\">\n\t\t\t\t\t\t\t<\/div>\n\t\t<\/div>\n\t\t\t\t\t<\/div>\n\t\t<\/section>\n\t\t\t\t<\/div>\n\t\t","protected":false},"excerpt":{"rendered":"<p>L\u2019Unit\u00e9 Appui \u00e0 la Recherche du CNRS UAR-3156 a pour mission la gestion technique, financi\u00e8re et administrative du b\u00e2timent \u201cCentre de Neurochimie\u201d situ\u00e9 au 8 all\u00e9e du g\u00e9n\u00e9ral Rouvillois, sur le campus de l\u2019Esplanade de l\u2019Universit\u00e9 de Strasbourg. Ce b\u00e2timent construit dans les ann\u00e9es 1978-79 par le CNRS pour y d\u00e9velopper des recherches portant sur [&hellip;]<\/p>\n","protected":false},"author":1,"featured_media":0,"parent":67,"menu_order":0,"comment_status":"closed","ping_status":"closed","template":"","meta":{"ocean_post_layout":"","ocean_both_sidebars_style":"","ocean_both_sidebars_content_width":0,"ocean_both_sidebars_sidebars_width":0,"ocean_sidebar":"0","ocean_second_sidebar":"0","ocean_disable_margins":"enable","ocean_add_body_class":"","ocean_shortcode_before_top_bar":"","ocean_shortcode_after_top_bar":"","ocean_shortcode_before_header":"","ocean_shortcode_after_header":"","ocean_has_shortcode":"","ocean_shortcode_after_title":"","ocean_shortcode_before_footer_widgets":"","ocean_shortcode_after_footer_widgets":"","ocean_shortcode_before_footer_bottom":"","ocean_shortcode_after_footer_bottom":"","ocean_display_top_bar":"default","ocean_display_header":"default","ocean_header_style":"","ocean_center_header_left_menu":"0","ocean_custom_header_template":"0","ocean_custom_logo":0,"ocean_custom_retina_logo":0,"ocean_custom_logo_max_width":0,"ocean_custom_logo_tablet_max_width":0,"ocean_custom_logo_mobile_max_width":0,"ocean_custom_logo_max_height":0,"ocean_custom_logo_tablet_max_height":0,"ocean_custom_logo_mobile_max_height":0,"ocean_header_custom_menu":"0","ocean_menu_typo_font_family":"0","ocean_menu_typo_font_subset":"","ocean_menu_typo_font_size":0,"ocean_menu_typo_font_size_tablet":0,"ocean_menu_typo_font_size_mobile":0,"ocean_menu_typo_font_size_unit":"px","ocean_menu_typo_font_weight":"","ocean_menu_typo_font_weight_tablet":"","ocean_menu_typo_font_weight_mobile":"","ocean_menu_typo_transform":"","ocean_menu_typo_transform_tablet":"","ocean_menu_typo_transform_mobile":"","ocean_menu_typo_line_height":0,"ocean_menu_typo_line_height_tablet":0,"ocean_menu_typo_line_height_mobile":0,"ocean_menu_typo_line_height_unit":"","ocean_menu_typo_spacing":0,"ocean_menu_typo_spacing_tablet":0,"ocean_menu_typo_spacing_mobile":0,"ocean_menu_typo_spacing_unit":"","ocean_menu_link_color":"","ocean_menu_link_color_hover":"","ocean_menu_link_color_active":"","ocean_menu_link_background":"","ocean_menu_link_hover_background":"","ocean_menu_link_active_background":"","ocean_menu_social_links_bg":"","ocean_menu_social_hover_links_bg":"","ocean_menu_social_links_color":"","ocean_menu_social_hover_links_color":"","ocean_disable_title":"default","ocean_disable_heading":"default","ocean_post_title":"","ocean_post_subheading":"","ocean_post_title_style":"","ocean_post_title_background_color":"","ocean_post_title_background":0,"ocean_post_title_bg_image_position":"","ocean_post_title_bg_image_attachment":"","ocean_post_title_bg_image_repeat":"","ocean_post_title_bg_image_size":"","ocean_post_title_height":0,"ocean_post_title_bg_overlay":0.5,"ocean_post_title_bg_overlay_color":"","ocean_disable_breadcrumbs":"default","ocean_breadcrumbs_color":"","ocean_breadcrumbs_separator_color":"","ocean_breadcrumbs_links_color":"","ocean_breadcrumbs_links_hover_color":"","ocean_display_footer_widgets":"default","ocean_display_footer_bottom":"default","ocean_custom_footer_template":"0","omw_enable_modal_window":"enable","footnotes":""},"class_list":["post-4130","page","type-page","status-publish","hentry","entry"],"yoast_head":"<!-- This site is optimized with the Yoast SEO plugin v27.4 - https:\/\/yoast.com\/product\/yoast-seo-wordpress\/ -->\n<title>UAR 3156 - Institut des Neurosciences Cellulaires et Int\u00e9gratives<\/title>\n<meta name=\"description\" content=\"L\u2019Unit\u00e9 Appui \u00e0 la Recherche du CNRS UAR-3156 a pour mission la gestion technique, financi\u00e8re et administrative du b\u00e2timent \u201cCentre de Neurochimie\u201d situ\u00e9 au 8 all\u00e9e du g\u00e9n\u00e9ral Rouvillois, sur le campus de l\u2019Esplanade de l\u2019Universit\u00e9 de Strasbourg\" \/>\n<meta name=\"robots\" content=\"index, follow, max-snippet:-1, max-image-preview:large, max-video-preview:-1\" \/>\n<link rel=\"canonical\" href=\"https:\/\/inci.neuro.unistra.fr\/?page_id=4130\" \/>\n<meta property=\"og:locale\" content=\"fr_FR\" \/>\n<meta property=\"og:type\" content=\"article\" \/>\n<meta property=\"og:title\" content=\"UAR 3156 - Institut des Neurosciences Cellulaires et Int\u00e9gratives\" \/>\n<meta property=\"og:description\" content=\"L\u2019Unit\u00e9 Appui \u00e0 la Recherche du CNRS UAR-3156 a pour mission la gestion technique, financi\u00e8re et administrative du b\u00e2timent \u201cCentre de Neurochimie\u201d situ\u00e9 au 8 all\u00e9e du g\u00e9n\u00e9ral Rouvillois, sur le campus de l\u2019Esplanade de l\u2019Universit\u00e9 de Strasbourg\" \/>\n<meta property=\"og:url\" content=\"https:\/\/inci.neuro.unistra.fr\/?page_id=4130\" \/>\n<meta property=\"og:site_name\" content=\"Institut des Neurosciences Cellulaires et Int\u00e9gratives\" \/>\n<meta property=\"article:modified_time\" content=\"2026-01-20T08:57:33+00:00\" \/>\n<meta property=\"og:image\" content=\"https:\/\/inci.neuro.unistra.fr\/wp-content\/uploads\/2023\/10\/fleche-bas-UAR3156-1000x70-1.png\" \/>\n<meta name=\"twitter:card\" content=\"summary_large_image\" \/>\n<meta name=\"twitter:site\" content=\"@incicnrs\" \/>\n<meta name=\"twitter:label1\" content=\"Dur\u00e9e de lecture estim\u00e9e\" \/>\n\t<meta name=\"twitter:data1\" content=\"2 minutes\" \/>\n<script type=\"application\/ld+json\" class=\"yoast-schema-graph\">{\"@context\":\"https:\\\/\\\/schema.org\",\"@graph\":[{\"@type\":\"WebPage\",\"@id\":\"https:\\\/\\\/inci.neuro.unistra.fr\\\/?page_id=4130\",\"url\":\"https:\\\/\\\/inci.neuro.unistra.fr\\\/?page_id=4130\",\"name\":\"UAR 3156 - Institut des Neurosciences Cellulaires et Int\u00e9gratives\",\"isPartOf\":{\"@id\":\"https:\\\/\\\/inci.neuro.unistra.fr\\\/#website\"},\"primaryImageOfPage\":{\"@id\":\"https:\\\/\\\/inci.neuro.unistra.fr\\\/?page_id=4130#primaryimage\"},\"image\":{\"@id\":\"https:\\\/\\\/inci.neuro.unistra.fr\\\/?page_id=4130#primaryimage\"},\"thumbnailUrl\":\"https:\\\/\\\/inci.neuro.unistra.fr\\\/wp-content\\\/uploads\\\/2023\\\/10\\\/fleche-bas-UAR3156-1000x70-1.png\",\"datePublished\":\"2023-03-01T13:05:26+00:00\",\"dateModified\":\"2026-01-20T08:57:33+00:00\",\"description\":\"L\u2019Unit\u00e9 Appui \u00e0 la Recherche du CNRS UAR-3156 a pour mission la gestion technique, financi\u00e8re et administrative du b\u00e2timent \u201cCentre de Neurochimie\u201d situ\u00e9 au 8 all\u00e9e du g\u00e9n\u00e9ral Rouvillois, sur le campus de l\u2019Esplanade de l\u2019Universit\u00e9 de Strasbourg\",\"breadcrumb\":{\"@id\":\"https:\\\/\\\/inci.neuro.unistra.fr\\\/?page_id=4130#breadcrumb\"},\"inLanguage\":\"fr-FR\",\"potentialAction\":[{\"@type\":\"ReadAction\",\"target\":[\"https:\\\/\\\/inci.neuro.unistra.fr\\\/?page_id=4130\"]}]},{\"@type\":\"ImageObject\",\"inLanguage\":\"fr-FR\",\"@id\":\"https:\\\/\\\/inci.neuro.unistra.fr\\\/?page_id=4130#primaryimage\",\"url\":\"https:\\\/\\\/inci.neuro.unistra.fr\\\/wp-content\\\/uploads\\\/2023\\\/10\\\/fleche-bas-UAR3156-1000x70-1.png\",\"contentUrl\":\"https:\\\/\\\/inci.neuro.unistra.fr\\\/wp-content\\\/uploads\\\/2023\\\/10\\\/fleche-bas-UAR3156-1000x70-1.png\",\"width\":1000,\"height\":70},{\"@type\":\"BreadcrumbList\",\"@id\":\"https:\\\/\\\/inci.neuro.unistra.fr\\\/?page_id=4130#breadcrumb\",\"itemListElement\":[{\"@type\":\"ListItem\",\"position\":1,\"name\":\"Accueil\",\"item\":\"https:\\\/\\\/inci.neuro.unistra.fr\\\/\"},{\"@type\":\"ListItem\",\"position\":2,\"name\":\"Institut des Neurosciences Cellulaires et Int\u00e9gratives\",\"item\":\"https:\\\/\\\/inci.neuro.unistra.fr\\\/\"},{\"@type\":\"ListItem\",\"position\":3,\"name\":\"UAR 3156\"}]},{\"@type\":\"WebSite\",\"@id\":\"https:\\\/\\\/inci.neuro.unistra.fr\\\/#website\",\"url\":\"https:\\\/\\\/inci.neuro.unistra.fr\\\/\",\"name\":\"Institut des Neurosciences Cellulaires et Int\u00e9gratives\",\"description\":\"Institut des Neurosciences Cellulaires et Int\u00e9gratives\",\"publisher\":{\"@id\":\"https:\\\/\\\/inci.neuro.unistra.fr\\\/#organization\"},\"potentialAction\":[{\"@type\":\"SearchAction\",\"target\":{\"@type\":\"EntryPoint\",\"urlTemplate\":\"https:\\\/\\\/inci.neuro.unistra.fr\\\/?s={search_term_string}\"},\"query-input\":{\"@type\":\"PropertyValueSpecification\",\"valueRequired\":true,\"valueName\":\"search_term_string\"}}],\"inLanguage\":\"fr-FR\"},{\"@type\":\"Organization\",\"@id\":\"https:\\\/\\\/inci.neuro.unistra.fr\\\/#organization\",\"name\":\"Institut des Neurosciences Cellulaires et Int\u00e9gratives\",\"url\":\"https:\\\/\\\/inci.neuro.unistra.fr\\\/\",\"logo\":{\"@type\":\"ImageObject\",\"inLanguage\":\"fr-FR\",\"@id\":\"https:\\\/\\\/inci.neuro.unistra.fr\\\/#\\\/schema\\\/logo\\\/image\\\/\",\"url\":\"https:\\\/\\\/inci.neuro.unistra.fr\\\/wp-content\\\/uploads\\\/2025\\\/12\\\/logo-inci-blanc-200px.png\",\"contentUrl\":\"https:\\\/\\\/inci.neuro.unistra.fr\\\/wp-content\\\/uploads\\\/2025\\\/12\\\/logo-inci-blanc-200px.png\",\"width\":200,\"height\":225,\"caption\":\"Institut des Neurosciences Cellulaires et Int\u00e9gratives\"},\"image\":{\"@id\":\"https:\\\/\\\/inci.neuro.unistra.fr\\\/#\\\/schema\\\/logo\\\/image\\\/\"},\"sameAs\":[\"https:\\\/\\\/x.com\\\/incicnrs\"]}]}<\/script>\n<!-- \/ Yoast SEO plugin. -->","yoast_head_json":{"title":"UAR 3156 - Institut des Neurosciences Cellulaires et Int\u00e9gratives","description":"L\u2019Unit\u00e9 Appui \u00e0 la Recherche du CNRS UAR-3156 a pour mission la gestion technique, financi\u00e8re et administrative du b\u00e2timent \u201cCentre de Neurochimie\u201d situ\u00e9 au 8 all\u00e9e du g\u00e9n\u00e9ral Rouvillois, sur le campus de l\u2019Esplanade de l\u2019Universit\u00e9 de Strasbourg","robots":{"index":"index","follow":"follow","max-snippet":"max-snippet:-1","max-image-preview":"max-image-preview:large","max-video-preview":"max-video-preview:-1"},"canonical":"https:\/\/inci.neuro.unistra.fr\/?page_id=4130","og_locale":"fr_FR","og_type":"article","og_title":"UAR 3156 - Institut des Neurosciences Cellulaires et Int\u00e9gratives","og_description":"L\u2019Unit\u00e9 Appui \u00e0 la Recherche du CNRS UAR-3156 a pour mission la gestion technique, financi\u00e8re et administrative du b\u00e2timent \u201cCentre de Neurochimie\u201d situ\u00e9 au 8 all\u00e9e du g\u00e9n\u00e9ral Rouvillois, sur le campus de l\u2019Esplanade de l\u2019Universit\u00e9 de Strasbourg","og_url":"https:\/\/inci.neuro.unistra.fr\/?page_id=4130","og_site_name":"Institut des Neurosciences Cellulaires et Int\u00e9gratives","article_modified_time":"2026-01-20T08:57:33+00:00","og_image":[{"url":"https:\/\/inci.neuro.unistra.fr\/wp-content\/uploads\/2023\/10\/fleche-bas-UAR3156-1000x70-1.png","type":"","width":"","height":""}],"twitter_card":"summary_large_image","twitter_site":"@incicnrs","twitter_misc":{"Dur\u00e9e de lecture estim\u00e9e":"2 minutes"},"schema":{"@context":"https:\/\/schema.org","@graph":[{"@type":"WebPage","@id":"https:\/\/inci.neuro.unistra.fr\/?page_id=4130","url":"https:\/\/inci.neuro.unistra.fr\/?page_id=4130","name":"UAR 3156 - Institut des Neurosciences Cellulaires et Int\u00e9gratives","isPartOf":{"@id":"https:\/\/inci.neuro.unistra.fr\/#website"},"primaryImageOfPage":{"@id":"https:\/\/inci.neuro.unistra.fr\/?page_id=4130#primaryimage"},"image":{"@id":"https:\/\/inci.neuro.unistra.fr\/?page_id=4130#primaryimage"},"thumbnailUrl":"https:\/\/inci.neuro.unistra.fr\/wp-content\/uploads\/2023\/10\/fleche-bas-UAR3156-1000x70-1.png","datePublished":"2023-03-01T13:05:26+00:00","dateModified":"2026-01-20T08:57:33+00:00","description":"L\u2019Unit\u00e9 Appui \u00e0 la Recherche du CNRS UAR-3156 a pour mission la gestion technique, financi\u00e8re et administrative du b\u00e2timent \u201cCentre de Neurochimie\u201d situ\u00e9 au 8 all\u00e9e du g\u00e9n\u00e9ral Rouvillois, sur le campus de l\u2019Esplanade de l\u2019Universit\u00e9 de Strasbourg","breadcrumb":{"@id":"https:\/\/inci.neuro.unistra.fr\/?page_id=4130#breadcrumb"},"inLanguage":"fr-FR","potentialAction":[{"@type":"ReadAction","target":["https:\/\/inci.neuro.unistra.fr\/?page_id=4130"]}]},{"@type":"ImageObject","inLanguage":"fr-FR","@id":"https:\/\/inci.neuro.unistra.fr\/?page_id=4130#primaryimage","url":"https:\/\/inci.neuro.unistra.fr\/wp-content\/uploads\/2023\/10\/fleche-bas-UAR3156-1000x70-1.png","contentUrl":"https:\/\/inci.neuro.unistra.fr\/wp-content\/uploads\/2023\/10\/fleche-bas-UAR3156-1000x70-1.png","width":1000,"height":70},{"@type":"BreadcrumbList","@id":"https:\/\/inci.neuro.unistra.fr\/?page_id=4130#breadcrumb","itemListElement":[{"@type":"ListItem","position":1,"name":"Accueil","item":"https:\/\/inci.neuro.unistra.fr\/"},{"@type":"ListItem","position":2,"name":"Institut des Neurosciences Cellulaires et Int\u00e9gratives","item":"https:\/\/inci.neuro.unistra.fr\/"},{"@type":"ListItem","position":3,"name":"UAR 3156"}]},{"@type":"WebSite","@id":"https:\/\/inci.neuro.unistra.fr\/#website","url":"https:\/\/inci.neuro.unistra.fr\/","name":"Institut des Neurosciences Cellulaires et Int\u00e9gratives","description":"Institut des Neurosciences Cellulaires et Int\u00e9gratives","publisher":{"@id":"https:\/\/inci.neuro.unistra.fr\/#organization"},"potentialAction":[{"@type":"SearchAction","target":{"@type":"EntryPoint","urlTemplate":"https:\/\/inci.neuro.unistra.fr\/?s={search_term_string}"},"query-input":{"@type":"PropertyValueSpecification","valueRequired":true,"valueName":"search_term_string"}}],"inLanguage":"fr-FR"},{"@type":"Organization","@id":"https:\/\/inci.neuro.unistra.fr\/#organization","name":"Institut des Neurosciences Cellulaires et Int\u00e9gratives","url":"https:\/\/inci.neuro.unistra.fr\/","logo":{"@type":"ImageObject","inLanguage":"fr-FR","@id":"https:\/\/inci.neuro.unistra.fr\/#\/schema\/logo\/image\/","url":"https:\/\/inci.neuro.unistra.fr\/wp-content\/uploads\/2025\/12\/logo-inci-blanc-200px.png","contentUrl":"https:\/\/inci.neuro.unistra.fr\/wp-content\/uploads\/2025\/12\/logo-inci-blanc-200px.png","width":200,"height":225,"caption":"Institut des Neurosciences Cellulaires et Int\u00e9gratives"},"image":{"@id":"https:\/\/inci.neuro.unistra.fr\/#\/schema\/logo\/image\/"},"sameAs":["https:\/\/x.com\/incicnrs"]}]}},"_links":{"self":[{"href":"https:\/\/inci.neuro.unistra.fr\/index.php?rest_route=\/wp\/v2\/pages\/4130","targetHints":{"allow":["GET"]}}],"collection":[{"href":"https:\/\/inci.neuro.unistra.fr\/index.php?rest_route=\/wp\/v2\/pages"}],"about":[{"href":"https:\/\/inci.neuro.unistra.fr\/index.php?rest_route=\/wp\/v2\/types\/page"}],"author":[{"embeddable":true,"href":"https:\/\/inci.neuro.unistra.fr\/index.php?rest_route=\/wp\/v2\/users\/1"}],"replies":[{"embeddable":true,"href":"https:\/\/inci.neuro.unistra.fr\/index.php?rest_route=%2Fwp%2Fv2%2Fcomments&post=4130"}],"version-history":[{"count":126,"href":"https:\/\/inci.neuro.unistra.fr\/index.php?rest_route=\/wp\/v2\/pages\/4130\/revisions"}],"predecessor-version":[{"id":22031,"href":"https:\/\/inci.neuro.unistra.fr\/index.php?rest_route=\/wp\/v2\/pages\/4130\/revisions\/22031"}],"up":[{"embeddable":true,"href":"https:\/\/inci.neuro.unistra.fr\/index.php?rest_route=\/wp\/v2\/pages\/67"}],"wp:attachment":[{"href":"https:\/\/inci.neuro.unistra.fr\/index.php?rest_route=%2Fwp%2Fv2%2Fmedia&parent=4130"}],"curies":[{"name":"wp","href":"https:\/\/api.w.org\/{rel}","templated":true}]}}