{"id":1217,"date":"2023-02-10T13:13:25","date_gmt":"2023-02-10T12:13:25","guid":{"rendered":"http:\/\/nwsinci.neuro.unistra.fr\/?page_id=1217"},"modified":"2023-10-24T16:05:06","modified_gmt":"2023-10-24T14:05:06","slug":"politique-de-confidnetialite","status":"publish","type":"page","link":"https:\/\/inci.neuro.unistra.fr\/?page_id=1217","title":{"rendered":"Politique de confidentialit\u00e9"},"content":{"rendered":"\t\t<div data-elementor-type=\"wp-page\" data-elementor-id=\"1217\" class=\"elementor elementor-1217\">\n\t\t\t\t\t\t<section class=\"elementor-section elementor-top-section elementor-element elementor-element-f0de414 elementor-section-boxed elementor-section-height-default elementor-section-height-default\" data-id=\"f0de414\" data-element_type=\"section\" data-e-type=\"section\">\n\t\t\t\t\t\t<div class=\"elementor-container elementor-column-gap-default\">\n\t\t\t\t\t<div class=\"elementor-column elementor-col-100 elementor-top-column elementor-element elementor-element-87d0092\" data-id=\"87d0092\" data-element_type=\"column\" data-e-type=\"column\">\n\t\t\t<div class=\"elementor-widget-wrap elementor-element-populated\">\n\t\t\t\t\t\t<div class=\"elementor-element elementor-element-e1bb827 elementor-widget elementor-widget-text-editor\" data-id=\"e1bb827\" data-element_type=\"widget\" data-e-type=\"widget\" data-widget_type=\"text-editor.default\">\n\t\t\t\t<div class=\"elementor-widget-container\">\n\t\t\t\t\t\t\t\t\t<p><strong><span class=\"titre\">Politique de confidentialit\u00e9<\/span><\/strong><\/p>\t\t\t\t\t\t\t\t<\/div>\n\t\t\t\t<\/div>\n\t\t\t\t\t<\/div>\n\t\t<\/div>\n\t\t\t\t\t<\/div>\n\t\t<\/section>\n\t\t\t\t<div class=\"elementor-section elementor-top-section elementor-element elementor-element-ae5089f elementor-section-content-top elementor-section-boxed elementor-section-height-default elementor-section-height-default\" data-id=\"ae5089f\" data-element_type=\"section\" data-e-type=\"section\">\n\t\t\t\t\t\t<div class=\"elementor-container elementor-column-gap-default\">\n\t\t\t\t\t<div class=\"elementor-column elementor-col-100 elementor-top-column elementor-element elementor-element-fc9333a\" data-id=\"fc9333a\" data-element_type=\"column\" data-e-type=\"column\">\n\t\t\t<div class=\"elementor-widget-wrap elementor-element-populated\">\n\t\t\t\t\t\t<section class=\"elementor-section elementor-inner-section elementor-element elementor-element-e64ecfc elementor-section-boxed elementor-section-height-default elementor-section-height-default\" data-id=\"e64ecfc\" data-element_type=\"section\" data-e-type=\"section\">\n\t\t\t\t\t\t<div class=\"elementor-container elementor-column-gap-default\">\n\t\t\t\t\t<div class=\"elementor-column elementor-col-100 elementor-inner-column elementor-element elementor-element-e3d36d2\" data-id=\"e3d36d2\" data-element_type=\"column\" data-e-type=\"column\">\n\t\t\t<div class=\"elementor-widget-wrap elementor-element-populated\">\n\t\t\t\t\t\t<div class=\"elementor-element elementor-element-2d5779c elementor-widget elementor-widget-text-editor\" data-id=\"2d5779c\" data-element_type=\"widget\" data-e-type=\"widget\" data-widget_type=\"text-editor.default\">\n\t\t\t\t<div class=\"elementor-widget-container\">\n\t\t\t\t\t\t\t\t\t<p><strong>\u00c9diteur<\/strong><\/p>\n<p>Directeur de la publication : Michel BARROT, directeur de l\u2019Institut des Neurosciences Cellulaires et Int\u00e9gratives.<\/p>\n<p>INCI \/ UPR 3212 \u2013 8 all\u00e9e du g\u00e9n\u00e9ral Rouvillois \u2013 67000 Strasbourg \u2013 France<\/p>\n<p><strong>H\u00e9bergement<\/strong><\/p>\n<p>Le site inci.neuro.unistra.fr est h\u00e9berg\u00e9 par l\u2019 <a href=\"https:\/\/inci.neuro.unistra.fr\/?page_id=4130\">UAR 3156<\/a>, 8 all\u00e9e du g\u00e9n\u00e9ral Rouvillois \u2013 67000 Strasbourg \u2013 France<\/p>\n<p><strong>Cr\u00e9dits<\/strong><\/p>\n<p>Cr\u00e9dit photographique : sauf mention contraire, les photographies et illustrations pr\u00e9sentes sur le site inci.neuro.unistra.fr ont \u00e9t\u00e9 r\u00e9alis\u00e9es par les \u00e9quipes de recherche de l\u2019INCI et par les services de communication de l\u2019INCI et de l\u2019UAR 3156. Elles ne peuvent \u00eatre copi\u00e9es sans autorisation.<\/p>\n<p><a href=\"mailto:webmaster@neuro-cnrs.unistra.fr\"><strong>Webmaster<\/strong><\/a><\/p>\n<p><strong>Droits de reproduction, copyright et liens<\/strong><\/p>\n<p>La reproduction sur support papier des pages de ce site est autoris\u00e9e, sous r\u00e9serve du respect des conditions suivantes :<\/p>\n<p>gratuit\u00e9 de la diffusion ;<br \/>respect de l\u2019int\u00e9grit\u00e9 des documents reproduits <em>(ni modification ni alt\u00e9ration d\u2019aucune sorte)<\/em> ;<br \/>citation explicite du site https:\/\/inci.neuro.unistra.fr comme source et mention que les droits de reproductions sont r\u00e9serv\u00e9s et limit\u00e9s.<\/p>\n<p>La reproduction sur support \u00e9lectronique de tout ou partie du site est autoris\u00e9e sous r\u00e9serve de l\u2019ajout clair et lisible de la source <em>(https:\/\/inci.neuro.unistra.fr)<\/em> et de la mention \u201cdroits r\u00e9serv\u00e9s\u201d.<\/p>\n<p>Toute utilisation \u00e0 des fins publicitaires ou commerciale est exclue.<\/p>\n<p>La cr\u00e9ation de liens vers ce site est autoris\u00e9e sous r\u00e9serve de :<\/p>\n<p>ne pas utiliser la technique du lien profond ;<br \/>ne pas utiliser ce site dans un cadre <em>(frame ou iframe)<\/em> ;<br \/>ne pas faire de lien vers une image ou photographie en l\u2019incluant dans une page hors de ce site.<\/p>\n<p>Cette autorisation ne s\u2019applique pas \u00e0 des sites internet diffusant des informations \u00e0 caract\u00e8re pol\u00e9mique, pornographique, x\u00e9nophobe ou pouvant, dans une plus large mesure, porter atteinte \u00e0 la sensibilit\u00e9 du plus grand nombre.<\/p>\n<p>Pour toute autre utilisation, veuillez nous consulter.<\/p>\n<p><strong>Donn\u00e9es personnelles<\/strong><\/p>\n<p>Aucune donn\u00e9e personnelle n\u2019est collect\u00e9e par le site inci.neuro.unistra.fr \u00e0 votre insu.<\/p>\n<p><strong>Cookies<\/strong><\/p>\n<p>Vous pouvez d\u00e9sactiver les cookies dans votre navigateur sans incidence sur les fonctionnalit\u00e9s du site.<\/p>\t\t\t\t\t\t\t\t<\/div>\n\t\t\t\t<\/div>\n\t\t\t\t\t<\/div>\n\t\t<\/div>\n\t\t\t\t\t<\/div>\n\t\t<\/section>\n\t\t\t\t\t<\/div>\n\t\t<\/div>\n\t\t\t\t\t<\/div>\n\t\t<\/div>\n\t\t\t\t<\/div>\n\t\t","protected":false},"excerpt":{"rendered":"<p>\u00c9diteur Directeur de la publication : Michel BARROT, directeur de l\u2019Institut des Neurosciences Cellulaires et Int\u00e9gratives. INCI \/ UPR 3212 \u2013 8 all\u00e9e du g\u00e9n\u00e9ral Rouvillois \u2013 67000 Strasbourg \u2013 France H\u00e9bergement Le site inci.neuro.unistra.fr est h\u00e9berg\u00e9 par l\u2019 UAR 3156, 8 all\u00e9e du g\u00e9n\u00e9ral Rouvillois \u2013 67000 Strasbourg \u2013 France Cr\u00e9dits Cr\u00e9dit photographique : [&hellip;]<\/p>\n","protected":false},"author":1,"featured_media":0,"parent":67,"menu_order":0,"comment_status":"closed","ping_status":"closed","template":"","meta":{"ocean_post_layout":"","ocean_both_sidebars_style":"","ocean_both_sidebars_content_width":0,"ocean_both_sidebars_sidebars_width":0,"ocean_sidebar":"0","ocean_second_sidebar":"0","ocean_disable_margins":"enable","ocean_add_body_class":"","ocean_shortcode_before_top_bar":"","ocean_shortcode_after_top_bar":"","ocean_shortcode_before_header":"","ocean_shortcode_after_header":"","ocean_has_shortcode":"","ocean_shortcode_after_title":"","ocean_shortcode_before_footer_widgets":"","ocean_shortcode_after_footer_widgets":"","ocean_shortcode_before_footer_bottom":"","ocean_shortcode_after_footer_bottom":"","ocean_display_top_bar":"default","ocean_display_header":"default","ocean_header_style":"","ocean_center_header_left_menu":"0","ocean_custom_header_template":"0","ocean_custom_logo":0,"ocean_custom_retina_logo":0,"ocean_custom_logo_max_width":0,"ocean_custom_logo_tablet_max_width":0,"ocean_custom_logo_mobile_max_width":0,"ocean_custom_logo_max_height":0,"ocean_custom_logo_tablet_max_height":0,"ocean_custom_logo_mobile_max_height":0,"ocean_header_custom_menu":"0","ocean_menu_typo_font_family":"0","ocean_menu_typo_font_subset":"","ocean_menu_typo_font_size":0,"ocean_menu_typo_font_size_tablet":0,"ocean_menu_typo_font_size_mobile":0,"ocean_menu_typo_font_size_unit":"px","ocean_menu_typo_font_weight":"","ocean_menu_typo_font_weight_tablet":"","ocean_menu_typo_font_weight_mobile":"","ocean_menu_typo_transform":"","ocean_menu_typo_transform_tablet":"","ocean_menu_typo_transform_mobile":"","ocean_menu_typo_line_height":0,"ocean_menu_typo_line_height_tablet":0,"ocean_menu_typo_line_height_mobile":0,"ocean_menu_typo_line_height_unit":"","ocean_menu_typo_spacing":0,"ocean_menu_typo_spacing_tablet":0,"ocean_menu_typo_spacing_mobile":0,"ocean_menu_typo_spacing_unit":"","ocean_menu_link_color":"","ocean_menu_link_color_hover":"","ocean_menu_link_color_active":"","ocean_menu_link_background":"","ocean_menu_link_hover_background":"","ocean_menu_link_active_background":"","ocean_menu_social_links_bg":"","ocean_menu_social_hover_links_bg":"","ocean_menu_social_links_color":"","ocean_menu_social_hover_links_color":"","ocean_disable_title":"default","ocean_disable_heading":"default","ocean_post_title":"","ocean_post_subheading":"","ocean_post_title_style":"","ocean_post_title_background_color":"","ocean_post_title_background":0,"ocean_post_title_bg_image_position":"","ocean_post_title_bg_image_attachment":"","ocean_post_title_bg_image_repeat":"","ocean_post_title_bg_image_size":"","ocean_post_title_height":0,"ocean_post_title_bg_overlay":0.5,"ocean_post_title_bg_overlay_color":"","ocean_disable_breadcrumbs":"default","ocean_breadcrumbs_color":"","ocean_breadcrumbs_separator_color":"","ocean_breadcrumbs_links_color":"","ocean_breadcrumbs_links_hover_color":"","ocean_display_footer_widgets":"default","ocean_display_footer_bottom":"on","ocean_custom_footer_template":"0","omw_enable_modal_window":"enable","footnotes":""},"class_list":["post-1217","page","type-page","status-publish","hentry","entry"],"yoast_head":"<!-- This site is optimized with the Yoast SEO plugin v27.4 - https:\/\/yoast.com\/product\/yoast-seo-wordpress\/ -->\n<title>Politique de confidentialit\u00e9 - Institut des Neurosciences Cellulaires et Int\u00e9gratives<\/title>\n<meta name=\"robots\" content=\"index, follow, max-snippet:-1, max-image-preview:large, max-video-preview:-1\" \/>\n<link rel=\"canonical\" href=\"https:\/\/inci.neuro.unistra.fr\/?page_id=1217\" \/>\n<meta property=\"og:locale\" content=\"fr_FR\" \/>\n<meta property=\"og:type\" content=\"article\" \/>\n<meta property=\"og:title\" content=\"Politique de confidentialit\u00e9 - Institut des Neurosciences Cellulaires et Int\u00e9gratives\" \/>\n<meta property=\"og:description\" content=\"\u00c9diteur Directeur de la publication : Michel BARROT, directeur de l\u2019Institut des Neurosciences Cellulaires et Int\u00e9gratives. INCI \/ UPR 3212 \u2013 8 all\u00e9e du g\u00e9n\u00e9ral Rouvillois \u2013 67000 Strasbourg \u2013 France H\u00e9bergement Le site inci.neuro.unistra.fr est h\u00e9berg\u00e9 par l\u2019 UAR 3156, 8 all\u00e9e du g\u00e9n\u00e9ral Rouvillois \u2013 67000 Strasbourg \u2013 France Cr\u00e9dits Cr\u00e9dit photographique : [&hellip;]\" \/>\n<meta property=\"og:url\" content=\"https:\/\/inci.neuro.unistra.fr\/?page_id=1217\" \/>\n<meta property=\"og:site_name\" content=\"Institut des Neurosciences Cellulaires et Int\u00e9gratives\" \/>\n<meta property=\"article:modified_time\" content=\"2023-10-24T14:05:06+00:00\" \/>\n<meta name=\"twitter:card\" content=\"summary_large_image\" \/>\n<meta name=\"twitter:site\" content=\"@incicnrs\" \/>\n<meta name=\"twitter:label1\" content=\"Dur\u00e9e de lecture estim\u00e9e\" \/>\n\t<meta name=\"twitter:data1\" content=\"2 minutes\" \/>\n<script type=\"application\/ld+json\" class=\"yoast-schema-graph\">{\"@context\":\"https:\\\/\\\/schema.org\",\"@graph\":[{\"@type\":\"WebPage\",\"@id\":\"https:\\\/\\\/inci.neuro.unistra.fr\\\/?page_id=1217\",\"url\":\"https:\\\/\\\/inci.neuro.unistra.fr\\\/?page_id=1217\",\"name\":\"Politique de confidentialit\u00e9 - Institut des Neurosciences Cellulaires et Int\u00e9gratives\",\"isPartOf\":{\"@id\":\"https:\\\/\\\/inci.neuro.unistra.fr\\\/#website\"},\"datePublished\":\"2023-02-10T12:13:25+00:00\",\"dateModified\":\"2023-10-24T14:05:06+00:00\",\"breadcrumb\":{\"@id\":\"https:\\\/\\\/inci.neuro.unistra.fr\\\/?page_id=1217#breadcrumb\"},\"inLanguage\":\"fr-FR\",\"potentialAction\":[{\"@type\":\"ReadAction\",\"target\":[\"https:\\\/\\\/inci.neuro.unistra.fr\\\/?page_id=1217\"]}]},{\"@type\":\"BreadcrumbList\",\"@id\":\"https:\\\/\\\/inci.neuro.unistra.fr\\\/?page_id=1217#breadcrumb\",\"itemListElement\":[{\"@type\":\"ListItem\",\"position\":1,\"name\":\"Accueil\",\"item\":\"https:\\\/\\\/inci.neuro.unistra.fr\\\/\"},{\"@type\":\"ListItem\",\"position\":2,\"name\":\"Institut des Neurosciences Cellulaires et Int\u00e9gratives\",\"item\":\"https:\\\/\\\/inci.neuro.unistra.fr\\\/\"},{\"@type\":\"ListItem\",\"position\":3,\"name\":\"Politique de confidentialit\u00e9\"}]},{\"@type\":\"WebSite\",\"@id\":\"https:\\\/\\\/inci.neuro.unistra.fr\\\/#website\",\"url\":\"https:\\\/\\\/inci.neuro.unistra.fr\\\/\",\"name\":\"Institut des Neurosciences Cellulaires et Int\u00e9gratives\",\"description\":\"Institut des Neurosciences Cellulaires et Int\u00e9gratives\",\"publisher\":{\"@id\":\"https:\\\/\\\/inci.neuro.unistra.fr\\\/#organization\"},\"potentialAction\":[{\"@type\":\"SearchAction\",\"target\":{\"@type\":\"EntryPoint\",\"urlTemplate\":\"https:\\\/\\\/inci.neuro.unistra.fr\\\/?s={search_term_string}\"},\"query-input\":{\"@type\":\"PropertyValueSpecification\",\"valueRequired\":true,\"valueName\":\"search_term_string\"}}],\"inLanguage\":\"fr-FR\"},{\"@type\":\"Organization\",\"@id\":\"https:\\\/\\\/inci.neuro.unistra.fr\\\/#organization\",\"name\":\"Institut des Neurosciences Cellulaires et Int\u00e9gratives\",\"url\":\"https:\\\/\\\/inci.neuro.unistra.fr\\\/\",\"logo\":{\"@type\":\"ImageObject\",\"inLanguage\":\"fr-FR\",\"@id\":\"https:\\\/\\\/inci.neuro.unistra.fr\\\/#\\\/schema\\\/logo\\\/image\\\/\",\"url\":\"https:\\\/\\\/inci.neuro.unistra.fr\\\/wp-content\\\/uploads\\\/2025\\\/12\\\/logo-inci-blanc-200px.png\",\"contentUrl\":\"https:\\\/\\\/inci.neuro.unistra.fr\\\/wp-content\\\/uploads\\\/2025\\\/12\\\/logo-inci-blanc-200px.png\",\"width\":200,\"height\":225,\"caption\":\"Institut des Neurosciences Cellulaires et Int\u00e9gratives\"},\"image\":{\"@id\":\"https:\\\/\\\/inci.neuro.unistra.fr\\\/#\\\/schema\\\/logo\\\/image\\\/\"},\"sameAs\":[\"https:\\\/\\\/x.com\\\/incicnrs\"]}]}<\/script>\n<!-- \/ Yoast SEO plugin. -->","yoast_head_json":{"title":"Politique de confidentialit\u00e9 - Institut des Neurosciences Cellulaires et Int\u00e9gratives","robots":{"index":"index","follow":"follow","max-snippet":"max-snippet:-1","max-image-preview":"max-image-preview:large","max-video-preview":"max-video-preview:-1"},"canonical":"https:\/\/inci.neuro.unistra.fr\/?page_id=1217","og_locale":"fr_FR","og_type":"article","og_title":"Politique de confidentialit\u00e9 - Institut des Neurosciences Cellulaires et Int\u00e9gratives","og_description":"\u00c9diteur Directeur de la publication : Michel BARROT, directeur de l\u2019Institut des Neurosciences Cellulaires et Int\u00e9gratives. INCI \/ UPR 3212 \u2013 8 all\u00e9e du g\u00e9n\u00e9ral Rouvillois \u2013 67000 Strasbourg \u2013 France H\u00e9bergement Le site inci.neuro.unistra.fr est h\u00e9berg\u00e9 par l\u2019 UAR 3156, 8 all\u00e9e du g\u00e9n\u00e9ral Rouvillois \u2013 67000 Strasbourg \u2013 France Cr\u00e9dits Cr\u00e9dit photographique : [&hellip;]","og_url":"https:\/\/inci.neuro.unistra.fr\/?page_id=1217","og_site_name":"Institut des Neurosciences Cellulaires et Int\u00e9gratives","article_modified_time":"2023-10-24T14:05:06+00:00","twitter_card":"summary_large_image","twitter_site":"@incicnrs","twitter_misc":{"Dur\u00e9e de lecture estim\u00e9e":"2 minutes"},"schema":{"@context":"https:\/\/schema.org","@graph":[{"@type":"WebPage","@id":"https:\/\/inci.neuro.unistra.fr\/?page_id=1217","url":"https:\/\/inci.neuro.unistra.fr\/?page_id=1217","name":"Politique de confidentialit\u00e9 - Institut des Neurosciences Cellulaires et Int\u00e9gratives","isPartOf":{"@id":"https:\/\/inci.neuro.unistra.fr\/#website"},"datePublished":"2023-02-10T12:13:25+00:00","dateModified":"2023-10-24T14:05:06+00:00","breadcrumb":{"@id":"https:\/\/inci.neuro.unistra.fr\/?page_id=1217#breadcrumb"},"inLanguage":"fr-FR","potentialAction":[{"@type":"ReadAction","target":["https:\/\/inci.neuro.unistra.fr\/?page_id=1217"]}]},{"@type":"BreadcrumbList","@id":"https:\/\/inci.neuro.unistra.fr\/?page_id=1217#breadcrumb","itemListElement":[{"@type":"ListItem","position":1,"name":"Accueil","item":"https:\/\/inci.neuro.unistra.fr\/"},{"@type":"ListItem","position":2,"name":"Institut des Neurosciences Cellulaires et Int\u00e9gratives","item":"https:\/\/inci.neuro.unistra.fr\/"},{"@type":"ListItem","position":3,"name":"Politique de confidentialit\u00e9"}]},{"@type":"WebSite","@id":"https:\/\/inci.neuro.unistra.fr\/#website","url":"https:\/\/inci.neuro.unistra.fr\/","name":"Institut des Neurosciences Cellulaires et Int\u00e9gratives","description":"Institut des Neurosciences Cellulaires et Int\u00e9gratives","publisher":{"@id":"https:\/\/inci.neuro.unistra.fr\/#organization"},"potentialAction":[{"@type":"SearchAction","target":{"@type":"EntryPoint","urlTemplate":"https:\/\/inci.neuro.unistra.fr\/?s={search_term_string}"},"query-input":{"@type":"PropertyValueSpecification","valueRequired":true,"valueName":"search_term_string"}}],"inLanguage":"fr-FR"},{"@type":"Organization","@id":"https:\/\/inci.neuro.unistra.fr\/#organization","name":"Institut des Neurosciences Cellulaires et Int\u00e9gratives","url":"https:\/\/inci.neuro.unistra.fr\/","logo":{"@type":"ImageObject","inLanguage":"fr-FR","@id":"https:\/\/inci.neuro.unistra.fr\/#\/schema\/logo\/image\/","url":"https:\/\/inci.neuro.unistra.fr\/wp-content\/uploads\/2025\/12\/logo-inci-blanc-200px.png","contentUrl":"https:\/\/inci.neuro.unistra.fr\/wp-content\/uploads\/2025\/12\/logo-inci-blanc-200px.png","width":200,"height":225,"caption":"Institut des Neurosciences Cellulaires et Int\u00e9gratives"},"image":{"@id":"https:\/\/inci.neuro.unistra.fr\/#\/schema\/logo\/image\/"},"sameAs":["https:\/\/x.com\/incicnrs"]}]}},"_links":{"self":[{"href":"https:\/\/inci.neuro.unistra.fr\/index.php?rest_route=\/wp\/v2\/pages\/1217","targetHints":{"allow":["GET"]}}],"collection":[{"href":"https:\/\/inci.neuro.unistra.fr\/index.php?rest_route=\/wp\/v2\/pages"}],"about":[{"href":"https:\/\/inci.neuro.unistra.fr\/index.php?rest_route=\/wp\/v2\/types\/page"}],"author":[{"embeddable":true,"href":"https:\/\/inci.neuro.unistra.fr\/index.php?rest_route=\/wp\/v2\/users\/1"}],"replies":[{"embeddable":true,"href":"https:\/\/inci.neuro.unistra.fr\/index.php?rest_route=%2Fwp%2Fv2%2Fcomments&post=1217"}],"version-history":[{"count":36,"href":"https:\/\/inci.neuro.unistra.fr\/index.php?rest_route=\/wp\/v2\/pages\/1217\/revisions"}],"predecessor-version":[{"id":10929,"href":"https:\/\/inci.neuro.unistra.fr\/index.php?rest_route=\/wp\/v2\/pages\/1217\/revisions\/10929"}],"up":[{"embeddable":true,"href":"https:\/\/inci.neuro.unistra.fr\/index.php?rest_route=\/wp\/v2\/pages\/67"}],"wp:attachment":[{"href":"https:\/\/inci.neuro.unistra.fr\/index.php?rest_route=%2Fwp%2Fv2%2Fmedia&parent=1217"}],"curies":[{"name":"wp","href":"https:\/\/api.w.org\/{rel}","templated":true}]}}