{"id":10743,"date":"2023-10-23T09:58:37","date_gmt":"2023-10-23T07:58:37","guid":{"rendered":"https:\/\/inci.neuro.unistra.fr\/?page_id=10743"},"modified":"2023-11-14T08:38:02","modified_gmt":"2023-11-14T07:38:02","slug":"access-to-the-institute","status":"publish","type":"page","link":"https:\/\/inci.neuro.unistra.fr\/?page_id=10743&lang=en","title":{"rendered":"Access to the institute"},"content":{"rendered":"\t\t<div data-elementor-type=\"wp-page\" data-elementor-id=\"10743\" class=\"elementor elementor-10743\">\n\t\t\t\t\t\t<div class=\"elementor-section elementor-top-section elementor-element elementor-element-b7f382b elementor-section-full_width elementor-section-height-min-height elementor-section-content-top elementor-section-height-default elementor-section-items-middle\" data-id=\"b7f382b\" data-element_type=\"section\" data-e-type=\"section\" data-settings=\"{&quot;background_background&quot;:&quot;slideshow&quot;,&quot;background_slideshow_gallery&quot;:[{&quot;id&quot;:15481,&quot;url&quot;:&quot;https:\\\/\\\/inci.neuro.unistra.fr\\\/wp-content\\\/uploads\\\/2023\\\/11\\\/annuaire-2000x300-2.jpg&quot;},{&quot;id&quot;:15480,&quot;url&quot;:&quot;https:\\\/\\\/inci.neuro.unistra.fr\\\/wp-content\\\/uploads\\\/2023\\\/11\\\/annuaire-2000x300-1-Copie.jpg&quot;}],&quot;background_slideshow_slide_duration&quot;:9999,&quot;background_slideshow_transition_duration&quot;:3000,&quot;background_slideshow_ken_burns&quot;:&quot;yes&quot;,&quot;background_slideshow_ken_burns_zoom_direction&quot;:&quot;out&quot;,&quot;background_slideshow_slide_transition&quot;:&quot;fade&quot;}\">\n\t\t\t\t\t\t\t<div class=\"elementor-background-overlay\"><\/div>\n\t\t\t\t\t\t\t<div class=\"elementor-container elementor-column-gap-no\">\n\t\t\t\t\t<header class=\"elementor-column elementor-col-100 elementor-top-column elementor-element elementor-element-02accbe\" data-id=\"02accbe\" data-element_type=\"column\" data-e-type=\"column\">\n\t\t\t<div class=\"elementor-widget-wrap elementor-element-populated\">\n\t\t\t\t\t\t<div class=\"elementor-element elementor-element-eb198bf elementor-widget elementor-widget-text-editor\" data-id=\"eb198bf\" data-element_type=\"widget\" data-e-type=\"widget\" data-widget_type=\"text-editor.default\">\n\t\t\t\t<div class=\"elementor-widget-container\">\n\t\t\t\t\t\t\t\t\t<p style=\"text-align: center;\">INCI access<\/p>\t\t\t\t\t\t\t\t<\/div>\n\t\t\t\t<\/div>\n\t\t\t\t\t<\/div>\n\t\t<\/header>\n\t\t\t\t\t<\/div>\n\t\t<\/div>\n\t\t\t\t<div class=\"elementor-section elementor-top-section elementor-element elementor-element-ca7d18a elementor-section-content-top elementor-section-boxed elementor-section-height-default elementor-section-height-default\" data-id=\"ca7d18a\" data-element_type=\"section\" data-e-type=\"section\">\n\t\t\t\t\t\t<div class=\"elementor-container elementor-column-gap-extended\">\n\t\t\t\t\t<div class=\"elementor-column elementor-col-50 elementor-top-column elementor-element elementor-element-6a7f869\" data-id=\"6a7f869\" data-element_type=\"column\" data-e-type=\"column\">\n\t\t\t<div class=\"elementor-widget-wrap elementor-element-populated\">\n\t\t\t\t\t\t<div class=\"elementor-element elementor-element-3d28178 elementor-widget elementor-widget-text-editor\" data-id=\"3d28178\" data-element_type=\"widget\" data-e-type=\"widget\" data-widget_type=\"text-editor.default\">\n\t\t\t\t<div class=\"elementor-widget-container\">\n\t\t\t\t\t\t\t\t\t<p><strong>INCI: Institut des Neurosciences Cellulaires et Int\u00e9gratives<\/strong><\/p><p>8 all\u00e9e du g\u00e9n\u00e9ral Rouvillois<br \/>67000 Strasbourg \u2013 France<br \/>33 (03) 88 45 66 00<br \/><a href=\"mailto:webmaster@neuro-cnrs.unistra.fr\">Webmaster<\/a><\/p><p>The INCI is a CNRS laboratory associated with the l\u2019<a href=\"https:\/\/www.unistra.fr\/\" target=\"_blank\" rel=\"noopener noreferrer\">University os Strasbourg<\/a><\/p>\t\t\t\t\t\t\t\t<\/div>\n\t\t\t\t<\/div>\n\t\t\t\t\t<\/div>\n\t\t<\/div>\n\t\t\t\t<div class=\"elementor-column elementor-col-50 elementor-top-column elementor-element elementor-element-ff22e53\" data-id=\"ff22e53\" data-element_type=\"column\" data-e-type=\"column\">\n\t\t\t<div class=\"elementor-widget-wrap elementor-element-populated\">\n\t\t\t\t\t\t<div class=\"elementor-element elementor-element-ffd4f69 elementor-widget elementor-widget-text-editor\" data-id=\"ffd4f69\" data-element_type=\"widget\" data-e-type=\"widget\" data-widget_type=\"text-editor.default\">\n\t\t\t\t<div class=\"elementor-widget-container\">\n\t\t\t\t\t\t\t\t\t<p>The building of the Institute of Cellular and Integrative Neuroscience <strong><a href=\"https:\/\/inci.neuro.unistra.fr\/wp-content\/uploads\/2023\/03\/plan-inci-400x400-1.jpg\"><i>(access map)<\/i><\/a><\/strong><a href=\"https:\/\/inci.neuro.unistra.fr\/wp-content\/uploads\/2023\/03\/inci-280x211-1.jpg\"><img fetchpriority=\"high\" decoding=\"async\" class=\"alignright wp-image-6051 size-full\" src=\"https:\/\/inci.neuro.unistra.fr\/wp-content\/uploads\/2023\/03\/inci-280x211-1.jpg\" alt=\"\" width=\"280\" height=\"211\" \/><\/a><\/p>\t\t\t\t\t\t\t\t<\/div>\n\t\t\t\t<\/div>\n\t\t\t\t\t<\/div>\n\t\t<\/div>\n\t\t\t\t\t<\/div>\n\t\t<\/div>\n\t\t\t\t<section class=\"elementor-section elementor-top-section elementor-element elementor-element-a1af92c elementor-section-boxed elementor-section-height-default elementor-section-height-default\" data-id=\"a1af92c\" data-element_type=\"section\" data-e-type=\"section\">\n\t\t\t\t\t\t<div class=\"elementor-container elementor-column-gap-default\">\n\t\t\t\t\t<div class=\"elementor-column elementor-col-100 elementor-top-column elementor-element elementor-element-9c89ab5\" data-id=\"9c89ab5\" data-element_type=\"column\" data-e-type=\"column\">\n\t\t\t<div class=\"elementor-widget-wrap elementor-element-populated\">\n\t\t\t\t\t\t<div class=\"elementor-element elementor-element-4cbe707 elementor-widget elementor-widget-html\" data-id=\"4cbe707\" data-element_type=\"widget\" data-e-type=\"widget\" data-widget_type=\"html.default\">\n\t\t\t\t<div class=\"elementor-widget-container\">\n\t\t\t\t\t<span class=\"titre\"><b>G<\/b>o to INCI<span>\t\t\t\t<\/div>\n\t\t\t\t<\/div>\n\t\t\t\t\t<\/div>\n\t\t<\/div>\n\t\t\t\t\t<\/div>\n\t\t<\/section>\n\t\t\t\t<section class=\"elementor-section elementor-top-section elementor-element elementor-element-055b5d8 elementor-section-boxed elementor-section-height-default elementor-section-height-default\" data-id=\"055b5d8\" data-element_type=\"section\" data-e-type=\"section\">\n\t\t\t\t\t\t<div class=\"elementor-container elementor-column-gap-default\">\n\t\t\t\t\t<div class=\"elementor-column elementor-col-100 elementor-top-column elementor-element elementor-element-5c87dde\" data-id=\"5c87dde\" data-element_type=\"column\" data-e-type=\"column\">\n\t\t\t<div class=\"elementor-widget-wrap elementor-element-populated\">\n\t\t\t\t\t\t<div class=\"elementor-element elementor-element-169e56d elementor-widget elementor-widget-text-editor\" data-id=\"169e56d\" data-element_type=\"widget\" data-e-type=\"widget\" data-widget_type=\"text-editor.default\">\n\t\t\t\t<div class=\"elementor-widget-container\">\n\t\t\t\t\t\t\t\t\t<p>L\u2019<a href=\"https:\/\/inci.neuro.unistra.fr\/?page_id=10743#map-google\">INCI is located<\/a> <span class=\"HwtZe\" lang=\"en\"><span class=\"jCAhz ChMk0b\"><span class=\"ryNqvb\">within the Central Campus of Strasbourg <em>(Esplanade)<\/em><\/span><\/span><\/span>.<\/p>\t\t\t\t\t\t\t\t<\/div>\n\t\t\t\t<\/div>\n\t\t\t\t\t<\/div>\n\t\t<\/div>\n\t\t\t\t\t<\/div>\n\t\t<\/section>\n\t\t\t\t<section class=\"elementor-section elementor-top-section elementor-element elementor-element-8d36097 elementor-section-boxed elementor-section-height-default elementor-section-height-default\" data-id=\"8d36097\" data-element_type=\"section\" data-e-type=\"section\" data-settings=\"{&quot;background_background&quot;:&quot;classic&quot;,&quot;shape_divider_top&quot;:&quot;tilt&quot;}\">\n\t\t\t\t\t<div class=\"elementor-shape elementor-shape-top\" aria-hidden=\"true\" data-negative=\"false\">\n\t\t\t<svg xmlns=\"http:\/\/www.w3.org\/2000\/svg\" viewBox=\"0 0 1000 100\" preserveAspectRatio=\"none\">\n\t<path class=\"elementor-shape-fill\" d=\"M0,6V0h1000v100L0,6z\"\/>\n<\/svg>\t\t<\/div>\n\t\t\t\t\t<div class=\"elementor-container elementor-column-gap-default\">\n\t\t\t\t\t<div class=\"elementor-column elementor-col-50 elementor-top-column elementor-element elementor-element-501842c\" data-id=\"501842c\" data-element_type=\"column\" data-e-type=\"column\">\n\t\t\t<div class=\"elementor-widget-wrap elementor-element-populated\">\n\t\t\t\t\t\t<div class=\"elementor-element elementor-element-870c53d elementor-widget elementor-widget-text-editor\" data-id=\"870c53d\" data-element_type=\"widget\" data-e-type=\"widget\" data-widget_type=\"text-editor.default\">\n\t\t\t\t<div class=\"elementor-widget-container\">\n\t\t\t\t\t\t\t\t\t<p><strong><u>Getting to the Esplanade \u2013 Central Campus<\/u><\/strong><\/p><p><strong>From the airport<\/strong><\/p><ul><li><span class=\"HwtZe\" lang=\"en\"><span class=\"jCAhz ChMk0b\"><span class=\"ryNqvb\">Take the shuttle train to Strasbourg station,<\/span><\/span><\/span><\/li><li><span class=\"HwtZe\" lang=\"en\"><span class=\"jCAhz ChMk0b\"><span class=\"ryNqvb\">Follow the route below \u201cFrom Strasbourg station\u201d.<\/span><\/span><\/span><\/li><\/ul><p><strong>From Strasbourg station<\/strong><\/p><ul><li><span class=\"HwtZe\" lang=\"en\"><span class=\"jCAhz ChMk0b\"><span class=\"ryNqvb\">Take tram line C towards \u201cNeuhof \/ Rodolphe Reuss\u201d<\/span><\/span><\/span>,<\/li><li><span class=\"HwtZe\" lang=\"en\"><span class=\"jCAhz ChMk0b\"><span class=\"ryNqvb\">Get off at the \u201cObservatoire\u201d or \u201cEsplanade\u201d station.<\/span><\/span><\/span><\/li><\/ul>\t\t\t\t\t\t\t\t<\/div>\n\t\t\t\t<\/div>\n\t\t\t\t\t<\/div>\n\t\t<\/div>\n\t\t\t\t<div class=\"elementor-column elementor-col-50 elementor-top-column elementor-element elementor-element-cbc2c5b\" data-id=\"cbc2c5b\" data-element_type=\"column\" data-e-type=\"column\">\n\t\t\t<div class=\"elementor-widget-wrap elementor-element-populated\">\n\t\t\t\t\t\t<div class=\"elementor-element elementor-element-562d829 elementor-widget elementor-widget-text-editor\" data-id=\"562d829\" data-element_type=\"widget\" data-e-type=\"widget\" data-widget_type=\"text-editor.default\">\n\t\t\t\t<div class=\"elementor-widget-container\">\n\t\t\t\t\t\t\t\t\t<p><strong>From a bus or tram station<\/strong><br \/><span class=\"HwtZe\" lang=\"en\"><span class=\"jCAhz ChMk0b\"><span class=\"ryNqvb\">The INCI is located near the \u201cObservatoire\u201d and \u201cEsplanade\u201d stations of tram lines C, E and F.<\/span><\/span><\/span><br \/><span class=\"HwtZe\" lang=\"en\"><span class=\"jCAhz ChMk0b\"><span class=\"ryNqvb\">Visit the website of the<\/span><\/span><\/span>\u00a0<a href=\"https:\/\/www.cts-strasbourg.eu\/fr\/\" target=\"_blank\" rel=\"noopener noreferrer\">Compagnie des Transports Strasbourgeois<\/a>.<\/p><p>Find your route on foot, by bike or by car\u2026<br \/>with <a href=\"https:\/\/www.google.fr\/maps\/place\/Centre+de+Neurochimie\/@48.5797646,7.7656881,17z\/data=!3m1!4b1!4m5!3m4!1s0x4796c8fda8a1fbf5:0xeb8852593ca9a6b8!8m2!3d48.5797611!4d7.7678768\" target=\"_blank\" rel=\"noopener noreferrer\">Google Maps<\/a>.<\/p>\t\t\t\t\t\t\t\t<\/div>\n\t\t\t\t<\/div>\n\t\t\t\t\t<\/div>\n\t\t<\/div>\n\t\t\t\t\t<\/div>\n\t\t<\/section>\n\t\t\t\t<div class=\"elementor-section elementor-top-section elementor-element elementor-element-6f7a82a elementor-section-content-top elementor-section-boxed elementor-section-height-default elementor-section-height-default\" data-id=\"6f7a82a\" data-element_type=\"section\" data-e-type=\"section\">\n\t\t\t\t\t\t<div class=\"elementor-container elementor-column-gap-extended\">\n\t\t\t\t\t<div class=\"elementor-column elementor-col-100 elementor-top-column elementor-element elementor-element-073a767\" data-id=\"073a767\" data-element_type=\"column\" data-e-type=\"column\">\n\t\t\t<div class=\"elementor-widget-wrap elementor-element-populated\">\n\t\t\t\t\t\t<div class=\"elementor-element elementor-element-ef95fc1 elementor-widget elementor-widget-text-editor\" data-id=\"ef95fc1\" data-element_type=\"widget\" data-e-type=\"widget\" data-widget_type=\"text-editor.default\">\n\t\t\t\t<div class=\"elementor-widget-container\">\n\t\t\t\t\t\t\t\t\t<ul id=\"map-google\"><li>L&rsquo;INCI <span class=\"HwtZe\" lang=\"en\"><span class=\"jCAhz ChMk0b\"><span class=\"ryNqvb\">is located at the Neurochemistry Center<\/span><\/span><\/span><\/li><li>Entrance: 8 all\u00e9e du G\u00e9n\u00e9ral Rouvillois<\/li><\/ul><p><iframe style=\"border: 0; width: 100%;\" src=\"https:\/\/www.google.com\/maps\/embed?pb=!1m18!1m12!1m3!1d1866.4478931375209!2d7.766672273239981!3d48.580053577093594!2m3!1f0!2f0!3f0!3m2!1i1024!2i768!4f13.1!3m3!1m2!1s0x4796c8fda997f337%3A0x570f868c0a99a815!2s8+All%C3%A9e+du+G%C3%A9n%C3%A9ral+Rouvillois%2C+67000+Strasbourg!5e0!3m2!1sfr!2sfr!4v1550057039329\" width=\"200\" height=\"400\" frameborder=\"0\" allowfullscreen=\"allowfullscreen\"><\/iframe><\/p>\t\t\t\t\t\t\t\t<\/div>\n\t\t\t\t<\/div>\n\t\t\t\t\t<\/div>\n\t\t<\/div>\n\t\t\t\t\t<\/div>\n\t\t<\/div>\n\t\t\t\t<\/div>\n\t\t","protected":false},"excerpt":{"rendered":"<p>INCI access INCI: Institut des Neurosciences Cellulaires et Int\u00e9gratives 8 all\u00e9e du g\u00e9n\u00e9ral Rouvillois67000 Strasbourg \u2013 France33 (03) 88 45 66 00Webmaster The INCI is a CNRS laboratory associated with the l\u2019University os Strasbourg The building of the Institute of Cellular and Integrative Neuroscience (access map) Go to INCI L\u2019INCI is located within the Central [&hellip;]<\/p>\n","protected":false},"author":1,"featured_media":0,"parent":95,"menu_order":0,"comment_status":"closed","ping_status":"closed","template":"","meta":{"ocean_post_layout":"","ocean_both_sidebars_style":"","ocean_both_sidebars_content_width":0,"ocean_both_sidebars_sidebars_width":0,"ocean_sidebar":"0","ocean_second_sidebar":"0","ocean_disable_margins":"enable","ocean_add_body_class":"","ocean_shortcode_before_top_bar":"","ocean_shortcode_after_top_bar":"","ocean_shortcode_before_header":"","ocean_shortcode_after_header":"","ocean_has_shortcode":"","ocean_shortcode_after_title":"","ocean_shortcode_before_footer_widgets":"","ocean_shortcode_after_footer_widgets":"","ocean_shortcode_before_footer_bottom":"","ocean_shortcode_after_footer_bottom":"","ocean_display_top_bar":"default","ocean_display_header":"default","ocean_header_style":"","ocean_center_header_left_menu":"0","ocean_custom_header_template":"0","ocean_custom_logo":0,"ocean_custom_retina_logo":0,"ocean_custom_logo_max_width":0,"ocean_custom_logo_tablet_max_width":0,"ocean_custom_logo_mobile_max_width":0,"ocean_custom_logo_max_height":0,"ocean_custom_logo_tablet_max_height":0,"ocean_custom_logo_mobile_max_height":0,"ocean_header_custom_menu":"0","ocean_menu_typo_font_family":"0","ocean_menu_typo_font_subset":"","ocean_menu_typo_font_size":0,"ocean_menu_typo_font_size_tablet":0,"ocean_menu_typo_font_size_mobile":0,"ocean_menu_typo_font_size_unit":"px","ocean_menu_typo_font_weight":"","ocean_menu_typo_font_weight_tablet":"","ocean_menu_typo_font_weight_mobile":"","ocean_menu_typo_transform":"","ocean_menu_typo_transform_tablet":"","ocean_menu_typo_transform_mobile":"","ocean_menu_typo_line_height":0,"ocean_menu_typo_line_height_tablet":0,"ocean_menu_typo_line_height_mobile":0,"ocean_menu_typo_line_height_unit":"","ocean_menu_typo_spacing":0,"ocean_menu_typo_spacing_tablet":0,"ocean_menu_typo_spacing_mobile":0,"ocean_menu_typo_spacing_unit":"","ocean_menu_link_color":"","ocean_menu_link_color_hover":"","ocean_menu_link_color_active":"","ocean_menu_link_background":"","ocean_menu_link_hover_background":"","ocean_menu_link_active_background":"","ocean_menu_social_links_bg":"","ocean_menu_social_hover_links_bg":"","ocean_menu_social_links_color":"","ocean_menu_social_hover_links_color":"","ocean_disable_title":"default","ocean_disable_heading":"default","ocean_post_title":"","ocean_post_subheading":"","ocean_post_title_style":"","ocean_post_title_background_color":"","ocean_post_title_background":0,"ocean_post_title_bg_image_position":"","ocean_post_title_bg_image_attachment":"","ocean_post_title_bg_image_repeat":"","ocean_post_title_bg_image_size":"","ocean_post_title_height":0,"ocean_post_title_bg_overlay":0.5,"ocean_post_title_bg_overlay_color":"","ocean_disable_breadcrumbs":"default","ocean_breadcrumbs_color":"","ocean_breadcrumbs_separator_color":"","ocean_breadcrumbs_links_color":"","ocean_breadcrumbs_links_hover_color":"","ocean_display_footer_widgets":"default","ocean_display_footer_bottom":"default","ocean_custom_footer_template":"0","omw_enable_modal_window":"enable","footnotes":""},"class_list":["post-10743","page","type-page","status-publish","hentry","entry"],"yoast_head":"<!-- This site is optimized with the Yoast SEO plugin v27.4 - https:\/\/yoast.com\/product\/yoast-seo-wordpress\/ -->\n<title>Access to the institute - Institut des Neurosciences Cellulaires et Int\u00e9gratives<\/title>\n<meta name=\"robots\" content=\"index, follow, max-snippet:-1, max-image-preview:large, max-video-preview:-1\" \/>\n<link rel=\"canonical\" href=\"https:\/\/inci.neuro.unistra.fr\/?page_id=10743&lang=en\" \/>\n<meta property=\"og:locale\" content=\"fr_FR\" \/>\n<meta property=\"og:type\" content=\"article\" \/>\n<meta property=\"og:title\" content=\"Access to the institute - Institut des Neurosciences Cellulaires et Int\u00e9gratives\" \/>\n<meta property=\"og:description\" content=\"INCI access INCI: Institut des Neurosciences Cellulaires et Int\u00e9gratives 8 all\u00e9e du g\u00e9n\u00e9ral Rouvillois67000 Strasbourg \u2013 France33 (03) 88 45 66 00Webmaster The INCI is a CNRS laboratory associated with the l\u2019University os Strasbourg The building of the Institute of Cellular and Integrative Neuroscience (access map) Go to INCI L\u2019INCI is located within the Central [&hellip;]\" \/>\n<meta property=\"og:url\" content=\"https:\/\/inci.neuro.unistra.fr\/?page_id=10743&amp;lang=en\" \/>\n<meta property=\"og:site_name\" content=\"Institut des Neurosciences Cellulaires et Int\u00e9gratives\" \/>\n<meta property=\"article:modified_time\" content=\"2023-11-14T07:38:02+00:00\" \/>\n<meta property=\"og:image\" content=\"https:\/\/inci.neuro.unistra.fr\/wp-content\/uploads\/2023\/03\/inci-280x211-1.jpg\" \/>\n<meta name=\"twitter:card\" content=\"summary_large_image\" \/>\n<meta name=\"twitter:site\" content=\"@incicnrs\" \/>\n<meta name=\"twitter:label1\" content=\"Dur\u00e9e de lecture estim\u00e9e\" \/>\n\t<meta name=\"twitter:data1\" content=\"2 minutes\" \/>\n<script type=\"application\/ld+json\" class=\"yoast-schema-graph\">{\"@context\":\"https:\\\/\\\/schema.org\",\"@graph\":[{\"@type\":\"WebPage\",\"@id\":\"https:\\\/\\\/inci.neuro.unistra.fr\\\/?page_id=10743&lang=en\",\"url\":\"https:\\\/\\\/inci.neuro.unistra.fr\\\/?page_id=10743&lang=en\",\"name\":\"Access to the institute - Institut des Neurosciences Cellulaires et Int\u00e9gratives\",\"isPartOf\":{\"@id\":\"https:\\\/\\\/inci.neuro.unistra.fr\\\/#website\"},\"primaryImageOfPage\":{\"@id\":\"https:\\\/\\\/inci.neuro.unistra.fr\\\/?page_id=10743&lang=en#primaryimage\"},\"image\":{\"@id\":\"https:\\\/\\\/inci.neuro.unistra.fr\\\/?page_id=10743&lang=en#primaryimage\"},\"thumbnailUrl\":\"https:\\\/\\\/inci.neuro.unistra.fr\\\/wp-content\\\/uploads\\\/2023\\\/03\\\/inci-280x211-1.jpg\",\"datePublished\":\"2023-10-23T07:58:37+00:00\",\"dateModified\":\"2023-11-14T07:38:02+00:00\",\"breadcrumb\":{\"@id\":\"https:\\\/\\\/inci.neuro.unistra.fr\\\/?page_id=10743&lang=en#breadcrumb\"},\"inLanguage\":\"fr-FR\",\"potentialAction\":[{\"@type\":\"ReadAction\",\"target\":[\"https:\\\/\\\/inci.neuro.unistra.fr\\\/?page_id=10743&lang=en\"]}]},{\"@type\":\"ImageObject\",\"inLanguage\":\"fr-FR\",\"@id\":\"https:\\\/\\\/inci.neuro.unistra.fr\\\/?page_id=10743&lang=en#primaryimage\",\"url\":\"https:\\\/\\\/inci.neuro.unistra.fr\\\/wp-content\\\/uploads\\\/2023\\\/03\\\/inci-280x211-1.jpg\",\"contentUrl\":\"https:\\\/\\\/inci.neuro.unistra.fr\\\/wp-content\\\/uploads\\\/2023\\\/03\\\/inci-280x211-1.jpg\",\"width\":280,\"height\":211},{\"@type\":\"BreadcrumbList\",\"@id\":\"https:\\\/\\\/inci.neuro.unistra.fr\\\/?page_id=10743&lang=en#breadcrumb\",\"itemListElement\":[{\"@type\":\"ListItem\",\"position\":1,\"name\":\"Accueil\",\"item\":\"https:\\\/\\\/inci.neuro.unistra.fr\\\/\"},{\"@type\":\"ListItem\",\"position\":2,\"name\":\"Institute of Cellular and Integrative Neurosciences\",\"item\":\"https:\\\/\\\/inci.neuro.unistra.fr\\\/?page_id=95&lang=en\"},{\"@type\":\"ListItem\",\"position\":3,\"name\":\"Access to the institute\"}]},{\"@type\":\"WebSite\",\"@id\":\"https:\\\/\\\/inci.neuro.unistra.fr\\\/#website\",\"url\":\"https:\\\/\\\/inci.neuro.unistra.fr\\\/\",\"name\":\"Institut des Neurosciences Cellulaires et Int\u00e9gratives\",\"description\":\"Institut des Neurosciences Cellulaires et Int\u00e9gratives\",\"publisher\":{\"@id\":\"https:\\\/\\\/inci.neuro.unistra.fr\\\/#organization\"},\"potentialAction\":[{\"@type\":\"SearchAction\",\"target\":{\"@type\":\"EntryPoint\",\"urlTemplate\":\"https:\\\/\\\/inci.neuro.unistra.fr\\\/?s={search_term_string}\"},\"query-input\":{\"@type\":\"PropertyValueSpecification\",\"valueRequired\":true,\"valueName\":\"search_term_string\"}}],\"inLanguage\":\"fr-FR\"},{\"@type\":\"Organization\",\"@id\":\"https:\\\/\\\/inci.neuro.unistra.fr\\\/#organization\",\"name\":\"Institut des Neurosciences Cellulaires et Int\u00e9gratives\",\"url\":\"https:\\\/\\\/inci.neuro.unistra.fr\\\/\",\"logo\":{\"@type\":\"ImageObject\",\"inLanguage\":\"fr-FR\",\"@id\":\"https:\\\/\\\/inci.neuro.unistra.fr\\\/#\\\/schema\\\/logo\\\/image\\\/\",\"url\":\"https:\\\/\\\/inci.neuro.unistra.fr\\\/wp-content\\\/uploads\\\/2025\\\/12\\\/logo-inci-blanc-200px.png\",\"contentUrl\":\"https:\\\/\\\/inci.neuro.unistra.fr\\\/wp-content\\\/uploads\\\/2025\\\/12\\\/logo-inci-blanc-200px.png\",\"width\":200,\"height\":225,\"caption\":\"Institut des Neurosciences Cellulaires et Int\u00e9gratives\"},\"image\":{\"@id\":\"https:\\\/\\\/inci.neuro.unistra.fr\\\/#\\\/schema\\\/logo\\\/image\\\/\"},\"sameAs\":[\"https:\\\/\\\/x.com\\\/incicnrs\"]}]}<\/script>\n<!-- \/ Yoast SEO plugin. -->","yoast_head_json":{"title":"Access to the institute - Institut des Neurosciences Cellulaires et Int\u00e9gratives","robots":{"index":"index","follow":"follow","max-snippet":"max-snippet:-1","max-image-preview":"max-image-preview:large","max-video-preview":"max-video-preview:-1"},"canonical":"https:\/\/inci.neuro.unistra.fr\/?page_id=10743&lang=en","og_locale":"fr_FR","og_type":"article","og_title":"Access to the institute - Institut des Neurosciences Cellulaires et Int\u00e9gratives","og_description":"INCI access INCI: Institut des Neurosciences Cellulaires et Int\u00e9gratives 8 all\u00e9e du g\u00e9n\u00e9ral Rouvillois67000 Strasbourg \u2013 France33 (03) 88 45 66 00Webmaster The INCI is a CNRS laboratory associated with the l\u2019University os Strasbourg The building of the Institute of Cellular and Integrative Neuroscience (access map) Go to INCI L\u2019INCI is located within the Central [&hellip;]","og_url":"https:\/\/inci.neuro.unistra.fr\/?page_id=10743&lang=en","og_site_name":"Institut des Neurosciences Cellulaires et Int\u00e9gratives","article_modified_time":"2023-11-14T07:38:02+00:00","og_image":[{"url":"https:\/\/inci.neuro.unistra.fr\/wp-content\/uploads\/2023\/03\/inci-280x211-1.jpg","type":"","width":"","height":""}],"twitter_card":"summary_large_image","twitter_site":"@incicnrs","twitter_misc":{"Dur\u00e9e de lecture estim\u00e9e":"2 minutes"},"schema":{"@context":"https:\/\/schema.org","@graph":[{"@type":"WebPage","@id":"https:\/\/inci.neuro.unistra.fr\/?page_id=10743&lang=en","url":"https:\/\/inci.neuro.unistra.fr\/?page_id=10743&lang=en","name":"Access to the institute - Institut des Neurosciences Cellulaires et Int\u00e9gratives","isPartOf":{"@id":"https:\/\/inci.neuro.unistra.fr\/#website"},"primaryImageOfPage":{"@id":"https:\/\/inci.neuro.unistra.fr\/?page_id=10743&lang=en#primaryimage"},"image":{"@id":"https:\/\/inci.neuro.unistra.fr\/?page_id=10743&lang=en#primaryimage"},"thumbnailUrl":"https:\/\/inci.neuro.unistra.fr\/wp-content\/uploads\/2023\/03\/inci-280x211-1.jpg","datePublished":"2023-10-23T07:58:37+00:00","dateModified":"2023-11-14T07:38:02+00:00","breadcrumb":{"@id":"https:\/\/inci.neuro.unistra.fr\/?page_id=10743&lang=en#breadcrumb"},"inLanguage":"fr-FR","potentialAction":[{"@type":"ReadAction","target":["https:\/\/inci.neuro.unistra.fr\/?page_id=10743&lang=en"]}]},{"@type":"ImageObject","inLanguage":"fr-FR","@id":"https:\/\/inci.neuro.unistra.fr\/?page_id=10743&lang=en#primaryimage","url":"https:\/\/inci.neuro.unistra.fr\/wp-content\/uploads\/2023\/03\/inci-280x211-1.jpg","contentUrl":"https:\/\/inci.neuro.unistra.fr\/wp-content\/uploads\/2023\/03\/inci-280x211-1.jpg","width":280,"height":211},{"@type":"BreadcrumbList","@id":"https:\/\/inci.neuro.unistra.fr\/?page_id=10743&lang=en#breadcrumb","itemListElement":[{"@type":"ListItem","position":1,"name":"Accueil","item":"https:\/\/inci.neuro.unistra.fr\/"},{"@type":"ListItem","position":2,"name":"Institute of Cellular and Integrative Neurosciences","item":"https:\/\/inci.neuro.unistra.fr\/?page_id=95&lang=en"},{"@type":"ListItem","position":3,"name":"Access to the institute"}]},{"@type":"WebSite","@id":"https:\/\/inci.neuro.unistra.fr\/#website","url":"https:\/\/inci.neuro.unistra.fr\/","name":"Institut des Neurosciences Cellulaires et Int\u00e9gratives","description":"Institut des Neurosciences Cellulaires et Int\u00e9gratives","publisher":{"@id":"https:\/\/inci.neuro.unistra.fr\/#organization"},"potentialAction":[{"@type":"SearchAction","target":{"@type":"EntryPoint","urlTemplate":"https:\/\/inci.neuro.unistra.fr\/?s={search_term_string}"},"query-input":{"@type":"PropertyValueSpecification","valueRequired":true,"valueName":"search_term_string"}}],"inLanguage":"fr-FR"},{"@type":"Organization","@id":"https:\/\/inci.neuro.unistra.fr\/#organization","name":"Institut des Neurosciences Cellulaires et Int\u00e9gratives","url":"https:\/\/inci.neuro.unistra.fr\/","logo":{"@type":"ImageObject","inLanguage":"fr-FR","@id":"https:\/\/inci.neuro.unistra.fr\/#\/schema\/logo\/image\/","url":"https:\/\/inci.neuro.unistra.fr\/wp-content\/uploads\/2025\/12\/logo-inci-blanc-200px.png","contentUrl":"https:\/\/inci.neuro.unistra.fr\/wp-content\/uploads\/2025\/12\/logo-inci-blanc-200px.png","width":200,"height":225,"caption":"Institut des Neurosciences Cellulaires et Int\u00e9gratives"},"image":{"@id":"https:\/\/inci.neuro.unistra.fr\/#\/schema\/logo\/image\/"},"sameAs":["https:\/\/x.com\/incicnrs"]}]}},"_links":{"self":[{"href":"https:\/\/inci.neuro.unistra.fr\/index.php?rest_route=\/wp\/v2\/pages\/10743","targetHints":{"allow":["GET"]}}],"collection":[{"href":"https:\/\/inci.neuro.unistra.fr\/index.php?rest_route=\/wp\/v2\/pages"}],"about":[{"href":"https:\/\/inci.neuro.unistra.fr\/index.php?rest_route=\/wp\/v2\/types\/page"}],"author":[{"embeddable":true,"href":"https:\/\/inci.neuro.unistra.fr\/index.php?rest_route=\/wp\/v2\/users\/1"}],"replies":[{"embeddable":true,"href":"https:\/\/inci.neuro.unistra.fr\/index.php?rest_route=%2Fwp%2Fv2%2Fcomments&post=10743"}],"version-history":[{"count":52,"href":"https:\/\/inci.neuro.unistra.fr\/index.php?rest_route=\/wp\/v2\/pages\/10743\/revisions"}],"predecessor-version":[{"id":15508,"href":"https:\/\/inci.neuro.unistra.fr\/index.php?rest_route=\/wp\/v2\/pages\/10743\/revisions\/15508"}],"up":[{"embeddable":true,"href":"https:\/\/inci.neuro.unistra.fr\/index.php?rest_route=\/wp\/v2\/pages\/95"}],"wp:attachment":[{"href":"https:\/\/inci.neuro.unistra.fr\/index.php?rest_route=%2Fwp%2Fv2%2Fmedia&parent=10743"}],"curies":[{"name":"wp","href":"https:\/\/api.w.org\/{rel}","templated":true}]}}